{"id":160,"date":"2024-06-03T21:23:02","date_gmt":"2024-06-03T21:23:02","guid":{"rendered":"https:\/\/respel.cl\/?page_id=160"},"modified":"2025-08-28T09:53:30","modified_gmt":"2025-08-28T09:53:30","slug":"contacto","status":"publish","type":"page","link":"https:\/\/www.respel.cl\/ResiduosPeligrosos\/contacto\/","title":{"rendered":"Contacto"},"content":{"rendered":"\t\t<div data-elementor-type=\"wp-page\" data-elementor-id=\"160\" class=\"elementor elementor-160\">\n\t\t\t\t<div class=\"elementor-element elementor-element-b457f9c e-flex e-con-boxed e-con e-parent\" data-id=\"b457f9c\" data-element_type=\"container\" data-e-type=\"container\">\n\t\t\t\t\t<div class=\"e-con-inner\">\n\t\t<div class=\"elementor-element elementor-element-e857ae2 e-con-full e-flex e-con e-child\" data-id=\"e857ae2\" data-element_type=\"container\" data-e-type=\"container\">\n\t\t\t\t<div class=\"elementor-element elementor-element-75ebcf0 elementor-widget elementor-widget-heading\" data-id=\"75ebcf0\" data-element_type=\"widget\" data-e-type=\"widget\" data-widget_type=\"heading.default\">\n\t\t\t\t<div class=\"elementor-widget-container\">\n\t\t\t\t\t<h2 class=\"elementor-heading-title elementor-size-default\">Completa el siguiente formulario para contactarnos.<\/h2>\t\t\t\t<\/div>\n\t\t\t\t<\/div>\n\t\t\t\t<div class=\"elementor-element elementor-element-6f480ea elementor-widget elementor-widget-shortcode\" data-id=\"6f480ea\" data-element_type=\"widget\" data-e-type=\"widget\" data-widget_type=\"shortcode.default\">\n\t\t\t\t<div class=\"elementor-widget-container\">\n\t\t\t\t\t\t\t<div class=\"elementor-shortcode\">\n<div class=\"wpcf7 no-js\" id=\"wpcf7-f8-o1\" lang=\"es-ES\" dir=\"ltr\" data-wpcf7-id=\"8\">\n<div class=\"screen-reader-response\"><p role=\"status\" aria-live=\"polite\" aria-atomic=\"true\"><\/p> <ul><\/ul><\/div>\n<form action=\"\/ResiduosPeligrosos\/wp-json\/wp\/v2\/pages\/160#wpcf7-f8-o1\" method=\"post\" class=\"wpcf7-form init\" aria-label=\"Formulario de contacto\" novalidate=\"novalidate\" data-status=\"init\">\n<fieldset class=\"hidden-fields-container\"><input type=\"hidden\" name=\"_wpcf7\" value=\"8\" \/><input type=\"hidden\" name=\"_wpcf7_version\" value=\"6.1.5\" \/><input type=\"hidden\" name=\"_wpcf7_locale\" value=\"es_ES\" \/><input type=\"hidden\" name=\"_wpcf7_unit_tag\" value=\"wpcf7-f8-o1\" \/><input type=\"hidden\" name=\"_wpcf7_container_post\" value=\"0\" \/><input type=\"hidden\" name=\"_wpcf7_posted_data_hash\" value=\"\" \/>\n<\/fieldset>\n<p><label> Tu nombre<br \/>\n<span class=\"wpcf7-form-control-wrap\" data-name=\"your-name\"><input size=\"40\" maxlength=\"400\" class=\"wpcf7-form-control wpcf7-text wpcf7-validates-as-required\" autocomplete=\"name\" aria-required=\"true\" aria-invalid=\"false\" value=\"\" type=\"text\" name=\"your-name\" \/><\/span> <\/label>\n<\/p>\n<p><label> Tu correo electr\u00f3nico<br \/>\n<span class=\"wpcf7-form-control-wrap\" data-name=\"your-email\"><input size=\"40\" maxlength=\"400\" class=\"wpcf7-form-control wpcf7-email wpcf7-validates-as-required wpcf7-text wpcf7-validates-as-email\" autocomplete=\"email\" aria-required=\"true\" aria-invalid=\"false\" value=\"\" type=\"email\" name=\"your-email\" \/><\/span> <\/label>\n<\/p>\n<p><label> Tu tel\u00e9fono<br \/>\n<span class=\"wpcf7-form-control-wrap\" data-name=\"your-telefono\"><input size=\"40\" maxlength=\"400\" class=\"wpcf7-form-control wpcf7-text wpcf7-validates-as-required\" aria-required=\"true\" aria-invalid=\"false\" value=\"\" type=\"text\" name=\"your-telefono\" \/><\/span> <\/label>\n<\/p>\n<p><label> Asunto<br \/>\n<span class=\"wpcf7-form-control-wrap\" data-name=\"your-subject\"><input size=\"40\" maxlength=\"400\" class=\"wpcf7-form-control wpcf7-text wpcf7-validates-as-required\" aria-required=\"true\" aria-invalid=\"false\" value=\"\" type=\"text\" name=\"your-subject\" \/><\/span> <\/label>\n<\/p>\n<p><label> Tu mensaje (opcional)<br \/>\n<span class=\"wpcf7-form-control-wrap\" data-name=\"your-message\"><textarea cols=\"40\" rows=\"10\" maxlength=\"2000\" class=\"wpcf7-form-control wpcf7-textarea\" aria-invalid=\"false\" name=\"your-message\"><\/textarea><\/span> <\/label>\n<\/p>\n<p><input class=\"wpcf7-form-control wpcf7-submit has-spinner\" type=\"submit\" value=\"Enviar\" \/>\n<\/p><div class=\"wpcf7-response-output\" aria-hidden=\"true\"><\/div>\n<\/form>\n<\/div>\n<\/div>\n\t\t\t\t\t\t<\/div>\n\t\t\t\t<\/div>\n\t\t\t\t<\/div>\n\t\t<div class=\"elementor-element elementor-element-8c558ba e-con-full e-flex e-con e-child\" data-id=\"8c558ba\" data-element_type=\"container\" data-e-type=\"container\">\n\t\t\t\t<div class=\"elementor-element elementor-element-66e0928 elementor-view-default elementor-widget elementor-widget-icon\" data-id=\"66e0928\" data-element_type=\"widget\" data-e-type=\"widget\" data-widget_type=\"icon.default\">\n\t\t\t\t<div class=\"elementor-widget-container\">\n\t\t\t\t\t\t\t<div class=\"elementor-icon-wrapper\">\n\t\t\t<div class=\"elementor-icon\">\n\t\t\t<svg xmlns=\"http:\/\/www.w3.org\/2000\/svg\" viewBox=\"0 0 678 166\" width=\"500\" height=\"122\"><title>Proyecto nuevo<\/title><style> .s0 { fill: #067302 } .s1 { fill: #067302 } <\/style><path id=\"&lt;Path&gt;\" class=\"s0\" d=\"m196.9 14l-61.8 106.9-61.7-106.9z\"><\/path><path id=\"&lt;Path&gt; copy\" class=\"s0\" d=\"m8 162l61.8-107 61.7 107z\"><\/path><path id=\"&lt;Path&gt; copy 2\" class=\"s0\" d=\"m139 162l61.8-107 61.7 107z\"><\/path><path id=\"RESPEL\" class=\"s1\" aria-label=\"RESPEL\" d=\"m369.9 137h-16.5l-11.5-43.3h-8.3v43.3h-15.9v-105h24.9q11.4 0 18.2 6.9 6.7 6.8 6.7 18.1v11.6q0 7.2-2.8 12.7-2.9 5.6-8.1 8.8zm-36.3-90v31.6h8.2q4.7 0 7.2-2.5 2.6-2.6 2.6-7.2v-12.2q0-4.6-2.6-7.2-2.5-2.5-7.2-2.5zm49.4 90v-105h45.1v15h-29.2v29.2h23.2v15h-23.2v30.8h29.2v15zm80.6 1.5q-7.5 0-13.4-3.4-5.8-3.2-9.1-9.1-3.2-5.8-3.2-13.3v-3.8l15.3-1.6v3.9q0 5.7 2.7 9 2.7 3.3 7.5 3.3 4.7 0 7.4-2.7 2.8-2.7 2.8-7.4 0-5.1-3-9.7-2.8-4.7-11.5-12.9-11.7-11.1-16.1-18.5-4.2-7.3-4.2-16 0-11.9 6.5-18.8 6.4-7 17.7-7 11.2 0 17.7 7 6.4 7.1 6.4 18.9v2.7l-15.3 1.7v-3q0-6-2.2-9.2-2.3-3.1-6.5-3.1-4.2 0-6.4 2.5-2.3 2.6-2.3 7.5 0 5 3 9.6 3 4.5 11.6 13.1 11.7 11.7 15.9 18.9 4.3 7 4.3 15.6 0 7.5-3.3 13.3-3.1 5.9-9 9.2-5.8 3.3-13.3 3.3zm39.1-1.5v-105h24.9q11.4 0 18.2 6.9 6.7 6.7 6.7 18.1v12.3q0 11.4-6.7 18.3-6.8 6.8-18.2 6.8h-9v42.6zm15.9-57.6h8.3q4.6 0 7.2-2.6 2.5-2.5 2.5-7.2v-12.9q0-4.6-2.5-7.2-2.6-2.5-7.2-2.5h-8.3zm47.3 57.6v-105h45.1v15h-29.2v29.2h23.2v15h-23.2v30.8h29.2v15zm58.5 0v-105h15.9v90h28.4v15z\"><\/path><\/svg>\t\t\t<\/div>\n\t\t<\/div>\n\t\t\t\t\t\t<\/div>\n\t\t\t\t<\/div>\n\t\t\t\t<div class=\"elementor-element elementor-element-66fe6ed elementor-widget elementor-widget-heading\" data-id=\"66fe6ed\" data-element_type=\"widget\" data-e-type=\"widget\" data-widget_type=\"heading.default\">\n\t\t\t\t<div class=\"elementor-widget-container\">\n\t\t\t\t\t<h2 class=\"elementor-heading-title elementor-size-default\">Llamanos:<\/h2>\t\t\t\t<\/div>\n\t\t\t\t<\/div>\n\t\t\t\t<div class=\"elementor-element elementor-element-3264c3a elementor-widget elementor-widget-heading\" data-id=\"3264c3a\" data-element_type=\"widget\" data-e-type=\"widget\" data-widget_type=\"heading.default\">\n\t\t\t\t<div class=\"elementor-widget-container\">\n\t\t\t\t\t<h2 class=\"elementor-heading-title elementor-size-default\">\u202a+56\u00a09\u00a038809179<\/h2>\t\t\t\t<\/div>\n\t\t\t\t<\/div>\n\t\t\t\t<div class=\"elementor-element elementor-element-a301a0f elementor-widget elementor-widget-heading\" data-id=\"a301a0f\" data-element_type=\"widget\" data-e-type=\"widget\" data-widget_type=\"heading.default\">\n\t\t\t\t<div class=\"elementor-widget-container\">\n\t\t\t\t\t<h2 class=\"elementor-heading-title elementor-size-default\">Escr\u00edbenos:<\/h2>\t\t\t\t<\/div>\n\t\t\t\t<\/div>\n\t\t\t\t<div class=\"elementor-element elementor-element-45419a3 elementor-widget elementor-widget-heading\" data-id=\"45419a3\" data-element_type=\"widget\" data-e-type=\"widget\" data-widget_type=\"heading.default\">\n\t\t\t\t<div class=\"elementor-widget-container\">\n\t\t\t\t\t<h2 class=\"elementor-heading-title elementor-size-default\">contacto@respel.cl<\/h2>\t\t\t\t<\/div>\n\t\t\t\t<\/div>\n\t\t\t\t<\/div>\n\t\t\t\t\t<\/div>\n\t\t\t\t<\/div>\n\t\t\t\t<\/div>\n\t\t","protected":false},"excerpt":{"rendered":"Completa el siguiente formulario para contactarnos. Proyecto nuevo Llamanos: \u202a+56\u00a09\u00a038809179 Escr\u00edbenos: contacto@respel.cl","protected":false},"author":1,"featured_media":4012,"parent":0,"menu_order":0,"comment_status":"closed","ping_status":"closed","template":"","meta":{"footnotes":""},"class_list":["post-160","page","type-page","status-publish","has-post-thumbnail","hentry"],"yoast_head":"<!-- This site is optimized with the Yoast SEO plugin v27.2 - https:\/\/yoast.com\/product\/yoast-seo-wordpress\/ -->\n<title>Soluciones Ambientales RESPEL<\/title>\n<meta name=\"description\" content=\"Cont\u00e1ctanos en RESPEL.cl y accede a asesor\u00eda especializada en gesti\u00f3n de residuos peligrosos y no peligrosos. Ofrecemos soluciones integrales con trazabilidad, cumplimiento normativo y enfoque sustentable, adaptadas a las necesidades de tu industria.\" \/>\n<meta name=\"robots\" content=\"index, follow, max-snippet:-1, max-image-preview:large, max-video-preview:-1\" \/>\n<link rel=\"canonical\" href=\"https:\/\/www.respel.cl\/ResiduosPeligrosos\/contacto\/\" \/>\n<meta property=\"og:locale\" content=\"es_ES\" \/>\n<meta property=\"og:type\" content=\"article\" \/>\n<meta property=\"og:title\" content=\"Soluciones Ambientales RESPEL\" \/>\n<meta property=\"og:description\" content=\"Cont\u00e1ctanos en RESPEL.cl y accede a asesor\u00eda especializada en gesti\u00f3n de residuos peligrosos y no peligrosos. Ofrecemos soluciones integrales con trazabilidad, cumplimiento normativo y enfoque sustentable, adaptadas a las necesidades de tu industria.\" \/>\n<meta property=\"og:url\" content=\"https:\/\/www.respel.cl\/ResiduosPeligrosos\/contacto\/\" \/>\n<meta property=\"og:site_name\" content=\"Plataforma Ambiental Respel\" \/>\n<meta property=\"article:modified_time\" content=\"2025-08-28T09:53:30+00:00\" \/>\n<meta property=\"og:image\" content=\"https:\/\/www.respel.cl\/ResiduosPeligrosos\/wp-content\/uploads\/2025\/05\/respel-trabajando8.jpg\" \/>\n\t<meta property=\"og:image:width\" content=\"611\" \/>\n\t<meta property=\"og:image:height\" content=\"480\" \/>\n\t<meta property=\"og:image:type\" content=\"image\/jpeg\" \/>\n<meta name=\"twitter:card\" content=\"summary_large_image\" \/>\n<meta name=\"twitter:label1\" content=\"Tiempo de lectura\" \/>\n\t<meta name=\"twitter:data1\" content=\"1 minuto\" \/>\n<script type=\"application\/ld+json\" class=\"yoast-schema-graph\">{\"@context\":\"https:\/\/schema.org\",\"@graph\":[{\"@type\":\"WebPage\",\"@id\":\"https:\/\/www.respel.cl\/ResiduosPeligrosos\/contacto\/\",\"url\":\"https:\/\/www.respel.cl\/ResiduosPeligrosos\/contacto\/\",\"name\":\"Soluciones Ambientales RESPEL\",\"isPartOf\":{\"@id\":\"https:\/\/www.respel.cl\/ResiduosPeligrosos\/#website\"},\"primaryImageOfPage\":{\"@id\":\"https:\/\/www.respel.cl\/ResiduosPeligrosos\/contacto\/#primaryimage\"},\"image\":{\"@id\":\"https:\/\/www.respel.cl\/ResiduosPeligrosos\/contacto\/#primaryimage\"},\"thumbnailUrl\":\"https:\/\/www.respel.cl\/ResiduosPeligrosos\/wp-content\/uploads\/2025\/05\/respel-trabajando8.jpg\",\"datePublished\":\"2024-06-03T21:23:02+00:00\",\"dateModified\":\"2025-08-28T09:53:30+00:00\",\"description\":\"Cont\u00e1ctanos en RESPEL.cl y accede a asesor\u00eda especializada en gesti\u00f3n de residuos peligrosos y no peligrosos. Ofrecemos soluciones integrales con trazabilidad, cumplimiento normativo y enfoque sustentable, adaptadas a las necesidades de tu industria.\",\"breadcrumb\":{\"@id\":\"https:\/\/www.respel.cl\/ResiduosPeligrosos\/contacto\/#breadcrumb\"},\"inLanguage\":\"es\",\"potentialAction\":[{\"@type\":\"ReadAction\",\"target\":[\"https:\/\/www.respel.cl\/ResiduosPeligrosos\/contacto\/\"]}]},{\"@type\":\"ImageObject\",\"inLanguage\":\"es\",\"@id\":\"https:\/\/www.respel.cl\/ResiduosPeligrosos\/contacto\/#primaryimage\",\"url\":\"https:\/\/www.respel.cl\/ResiduosPeligrosos\/wp-content\/uploads\/2025\/05\/respel-trabajando8.jpg\",\"contentUrl\":\"https:\/\/www.respel.cl\/ResiduosPeligrosos\/wp-content\/uploads\/2025\/05\/respel-trabajando8.jpg\",\"width\":611,\"height\":480},{\"@type\":\"BreadcrumbList\",\"@id\":\"https:\/\/www.respel.cl\/ResiduosPeligrosos\/contacto\/#breadcrumb\",\"itemListElement\":[{\"@type\":\"ListItem\",\"position\":1,\"name\":\"Portada\",\"item\":\"https:\/\/www.respel.cl\/ResiduosPeligrosos\/\"},{\"@type\":\"ListItem\",\"position\":2,\"name\":\"Contacto\"}]},{\"@type\":\"WebSite\",\"@id\":\"https:\/\/www.respel.cl\/ResiduosPeligrosos\/#website\",\"url\":\"https:\/\/www.respel.cl\/ResiduosPeligrosos\/\",\"name\":\"Gesti\u00f3n Global de Residuos Respel\",\"description\":\"RESPEL.cl es una plataforma ambiental especializada en la gesti\u00f3n inteligente de residuos industriales peligrosos y no peligrosos, que impulsa la econom\u00eda circular mediante soluciones innovadoras, trazables y alineadas con la normativa vigente\",\"publisher\":{\"@id\":\"https:\/\/www.respel.cl\/ResiduosPeligrosos\/#organization\"},\"alternateName\":\"Respel en Chile\",\"potentialAction\":[{\"@type\":\"SearchAction\",\"target\":{\"@type\":\"EntryPoint\",\"urlTemplate\":\"https:\/\/www.respel.cl\/ResiduosPeligrosos\/?s={search_term_string}\"},\"query-input\":{\"@type\":\"PropertyValueSpecification\",\"valueRequired\":true,\"valueName\":\"search_term_string\"}}],\"inLanguage\":\"es\"},{\"@type\":\"Organization\",\"@id\":\"https:\/\/www.respel.cl\/ResiduosPeligrosos\/#organization\",\"name\":\"Plataforma de Gesti\u00f3n Ambiental RESPEL\",\"alternateName\":\"Plataforma de Gesti\u00f3n Ambiental Respel Spa\",\"url\":\"https:\/\/www.respel.cl\/ResiduosPeligrosos\/\",\"logo\":{\"@type\":\"ImageObject\",\"inLanguage\":\"es\",\"@id\":\"https:\/\/www.respel.cl\/ResiduosPeligrosos\/#\/schema\/logo\/image\/\",\"url\":\"https:\/\/www.respel.cl\/ResiduosPeligrosos\/wp-content\/uploads\/2025\/03\/logo.svg\",\"contentUrl\":\"https:\/\/www.respel.cl\/ResiduosPeligrosos\/wp-content\/uploads\/2025\/03\/logo.svg\",\"width\":678,\"height\":166,\"caption\":\"Plataforma de Gesti\u00f3n Ambiental RESPEL\"},\"image\":{\"@id\":\"https:\/\/www.respel.cl\/ResiduosPeligrosos\/#\/schema\/logo\/image\/\"}}]}<\/script>\n<!-- \/ Yoast SEO plugin. -->","yoast_head_json":{"title":"Soluciones Ambientales RESPEL","description":"Cont\u00e1ctanos en RESPEL.cl y accede a asesor\u00eda especializada en gesti\u00f3n de residuos peligrosos y no peligrosos. Ofrecemos soluciones integrales con trazabilidad, cumplimiento normativo y enfoque sustentable, adaptadas a las necesidades de tu industria.","robots":{"index":"index","follow":"follow","max-snippet":"max-snippet:-1","max-image-preview":"max-image-preview:large","max-video-preview":"max-video-preview:-1"},"canonical":"https:\/\/www.respel.cl\/ResiduosPeligrosos\/contacto\/","og_locale":"es_ES","og_type":"article","og_title":"Soluciones Ambientales RESPEL","og_description":"Cont\u00e1ctanos en RESPEL.cl y accede a asesor\u00eda especializada en gesti\u00f3n de residuos peligrosos y no peligrosos. Ofrecemos soluciones integrales con trazabilidad, cumplimiento normativo y enfoque sustentable, adaptadas a las necesidades de tu industria.","og_url":"https:\/\/www.respel.cl\/ResiduosPeligrosos\/contacto\/","og_site_name":"Plataforma Ambiental Respel","article_modified_time":"2025-08-28T09:53:30+00:00","og_image":[{"width":611,"height":480,"url":"https:\/\/www.respel.cl\/ResiduosPeligrosos\/wp-content\/uploads\/2025\/05\/respel-trabajando8.jpg","type":"image\/jpeg"}],"twitter_card":"summary_large_image","twitter_misc":{"Tiempo de lectura":"1 minuto"},"schema":{"@context":"https:\/\/schema.org","@graph":[{"@type":"WebPage","@id":"https:\/\/www.respel.cl\/ResiduosPeligrosos\/contacto\/","url":"https:\/\/www.respel.cl\/ResiduosPeligrosos\/contacto\/","name":"Soluciones Ambientales RESPEL","isPartOf":{"@id":"https:\/\/www.respel.cl\/ResiduosPeligrosos\/#website"},"primaryImageOfPage":{"@id":"https:\/\/www.respel.cl\/ResiduosPeligrosos\/contacto\/#primaryimage"},"image":{"@id":"https:\/\/www.respel.cl\/ResiduosPeligrosos\/contacto\/#primaryimage"},"thumbnailUrl":"https:\/\/www.respel.cl\/ResiduosPeligrosos\/wp-content\/uploads\/2025\/05\/respel-trabajando8.jpg","datePublished":"2024-06-03T21:23:02+00:00","dateModified":"2025-08-28T09:53:30+00:00","description":"Cont\u00e1ctanos en RESPEL.cl y accede a asesor\u00eda especializada en gesti\u00f3n de residuos peligrosos y no peligrosos. Ofrecemos soluciones integrales con trazabilidad, cumplimiento normativo y enfoque sustentable, adaptadas a las necesidades de tu industria.","breadcrumb":{"@id":"https:\/\/www.respel.cl\/ResiduosPeligrosos\/contacto\/#breadcrumb"},"inLanguage":"es","potentialAction":[{"@type":"ReadAction","target":["https:\/\/www.respel.cl\/ResiduosPeligrosos\/contacto\/"]}]},{"@type":"ImageObject","inLanguage":"es","@id":"https:\/\/www.respel.cl\/ResiduosPeligrosos\/contacto\/#primaryimage","url":"https:\/\/www.respel.cl\/ResiduosPeligrosos\/wp-content\/uploads\/2025\/05\/respel-trabajando8.jpg","contentUrl":"https:\/\/www.respel.cl\/ResiduosPeligrosos\/wp-content\/uploads\/2025\/05\/respel-trabajando8.jpg","width":611,"height":480},{"@type":"BreadcrumbList","@id":"https:\/\/www.respel.cl\/ResiduosPeligrosos\/contacto\/#breadcrumb","itemListElement":[{"@type":"ListItem","position":1,"name":"Portada","item":"https:\/\/www.respel.cl\/ResiduosPeligrosos\/"},{"@type":"ListItem","position":2,"name":"Contacto"}]},{"@type":"WebSite","@id":"https:\/\/www.respel.cl\/ResiduosPeligrosos\/#website","url":"https:\/\/www.respel.cl\/ResiduosPeligrosos\/","name":"Gesti\u00f3n Global de Residuos Respel","description":"RESPEL.cl es una plataforma ambiental especializada en la gesti\u00f3n inteligente de residuos industriales peligrosos y no peligrosos, que impulsa la econom\u00eda circular mediante soluciones innovadoras, trazables y alineadas con la normativa vigente","publisher":{"@id":"https:\/\/www.respel.cl\/ResiduosPeligrosos\/#organization"},"alternateName":"Respel en Chile","potentialAction":[{"@type":"SearchAction","target":{"@type":"EntryPoint","urlTemplate":"https:\/\/www.respel.cl\/ResiduosPeligrosos\/?s={search_term_string}"},"query-input":{"@type":"PropertyValueSpecification","valueRequired":true,"valueName":"search_term_string"}}],"inLanguage":"es"},{"@type":"Organization","@id":"https:\/\/www.respel.cl\/ResiduosPeligrosos\/#organization","name":"Plataforma de Gesti\u00f3n Ambiental RESPEL","alternateName":"Plataforma de Gesti\u00f3n Ambiental Respel Spa","url":"https:\/\/www.respel.cl\/ResiduosPeligrosos\/","logo":{"@type":"ImageObject","inLanguage":"es","@id":"https:\/\/www.respel.cl\/ResiduosPeligrosos\/#\/schema\/logo\/image\/","url":"https:\/\/www.respel.cl\/ResiduosPeligrosos\/wp-content\/uploads\/2025\/03\/logo.svg","contentUrl":"https:\/\/www.respel.cl\/ResiduosPeligrosos\/wp-content\/uploads\/2025\/03\/logo.svg","width":678,"height":166,"caption":"Plataforma de Gesti\u00f3n Ambiental RESPEL"},"image":{"@id":"https:\/\/www.respel.cl\/ResiduosPeligrosos\/#\/schema\/logo\/image\/"}}]}},"_links":{"self":[{"href":"https:\/\/www.respel.cl\/ResiduosPeligrosos\/wp-json\/wp\/v2\/pages\/160","targetHints":{"allow":["GET"]}}],"collection":[{"href":"https:\/\/www.respel.cl\/ResiduosPeligrosos\/wp-json\/wp\/v2\/pages"}],"about":[{"href":"https:\/\/www.respel.cl\/ResiduosPeligrosos\/wp-json\/wp\/v2\/types\/page"}],"author":[{"embeddable":true,"href":"https:\/\/www.respel.cl\/ResiduosPeligrosos\/wp-json\/wp\/v2\/users\/1"}],"replies":[{"embeddable":true,"href":"https:\/\/www.respel.cl\/ResiduosPeligrosos\/wp-json\/wp\/v2\/comments?post=160"}],"version-history":[{"count":16,"href":"https:\/\/www.respel.cl\/ResiduosPeligrosos\/wp-json\/wp\/v2\/pages\/160\/revisions"}],"predecessor-version":[{"id":3605,"href":"https:\/\/www.respel.cl\/ResiduosPeligrosos\/wp-json\/wp\/v2\/pages\/160\/revisions\/3605"}],"wp:featuredmedia":[{"embeddable":true,"href":"https:\/\/www.respel.cl\/ResiduosPeligrosos\/wp-json\/wp\/v2\/media\/4012"}],"wp:attachment":[{"href":"https:\/\/www.respel.cl\/ResiduosPeligrosos\/wp-json\/wp\/v2\/media?parent=160"}],"curies":[{"name":"wp","href":"https:\/\/api.w.org\/{rel}","templated":true}]}}