{"id":4415,"date":"2025-08-07T02:24:12","date_gmt":"2025-08-07T02:24:12","guid":{"rendered":"https:\/\/www.respel.cl\/ResiduosPeligrosos\/?page_id=4415"},"modified":"2025-08-07T02:41:49","modified_gmt":"2025-08-07T02:41:49","slug":"reciclaje-de-chatarra-transformamos-residuos-en-valor-para-tu-empresa","status":"publish","type":"page","link":"https:\/\/www.respel.cl\/ResiduosPeligrosos\/reciclaje-de-chatarra-transformamos-residuos-en-valor-para-tu-empresa\/","title":{"rendered":"Transformamos Residuos en Valor para tu Empresa"},"content":{"rendered":"\t\t<div data-elementor-type=\"wp-page\" data-elementor-id=\"4415\" class=\"elementor elementor-4415\">\n\t\t\t\t<div class=\"elementor-element elementor-element-6da234ab e-flex e-con-boxed e-con e-parent\" data-id=\"6da234ab\" data-element_type=\"container\" data-e-type=\"container\">\n\t\t\t\t\t<div class=\"e-con-inner\">\n\t\t<div class=\"elementor-element elementor-element-7b8b92f9 e-con-full e-flex e-con e-child\" data-id=\"7b8b92f9\" data-element_type=\"container\" data-e-type=\"container\">\n\t\t\t\t<div class=\"elementor-element elementor-element-525921c8 elementor-widget elementor-widget-heading\" data-id=\"525921c8\" data-element_type=\"widget\" data-e-type=\"widget\" data-widget_type=\"heading.default\">\n\t\t\t\t<div class=\"elementor-widget-container\">\n\t\t\t\t\t<h1 class=\"elementor-heading-title elementor-size-default\">RECICLAJE DE CHATARRA<\/h1>\t\t\t\t<\/div>\n\t\t\t\t<\/div>\n\t\t\t\t<div class=\"elementor-element elementor-element-3e648111 elementor-widget elementor-widget-text-editor\" data-id=\"3e648111\" data-element_type=\"widget\" data-e-type=\"widget\" data-widget_type=\"text-editor.default\">\n\t\t\t\t<div class=\"elementor-widget-container\">\n\t\t\t\t\t\t\t\t\t<p>En RESPEL.cl, convertimos lo que otros descartan en oportunidades estrat\u00e9gicas. Nuestro servicio de <strong>reciclaje de chatarra<\/strong> est\u00e1 dise\u00f1ado para empresas que buscan optimizar recursos, cumplir con la normativa ambiental y fortalecer su compromiso con la sostenibilidad.<\/p><p><!--EndFragment --><\/p>\t\t\t\t\t\t\t\t<\/div>\n\t\t\t\t<\/div>\n\t\t<div class=\"elementor-element elementor-element-374089f1 e-con-full e-flex e-con e-child\" data-id=\"374089f1\" data-element_type=\"container\" data-e-type=\"container\">\n\t\t\t\t<div class=\"elementor-element elementor-element-da4da21 elementor-widget elementor-widget-heading\" data-id=\"da4da21\" data-element_type=\"widget\" data-e-type=\"widget\" data-widget_type=\"heading.default\">\n\t\t\t\t<div class=\"elementor-widget-container\">\n\t\t\t\t\t<h2 class=\"elementor-heading-title elementor-size-default\">\u00bfQu\u00e9 tipo de chatarra reciclamos?<\/h2>\t\t\t\t<\/div>\n\t\t\t\t<\/div>\n\t\t\t\t<div class=\"elementor-element elementor-element-53641699 elementor-widget elementor-widget-text-editor\" data-id=\"53641699\" data-element_type=\"widget\" data-e-type=\"widget\" data-widget_type=\"text-editor.default\">\n\t\t\t\t<div class=\"elementor-widget-container\">\n\t\t\t\t\t\t\t\t\t<ul><li><ul>Metales ferrosos y no ferrosos (acero, cobre, aluminio, bronce)<\/ul><\/li><li>Estructuras met\u00e1licas, maquinaria obsoleta, piezas industriales<\/li><li>Componentes el\u00e9ctricos y electr\u00f3nicos fuera de uso.\u00a0<\/li><\/ul><p>\u00a0<\/p><p><!--StartFragment --><\/p><p><strong>\ud83c\udf0d \u00bfPor qu\u00e9 elegir RESPEL?<\/strong><\/p><ul><li><strong>Gesti\u00f3n global<\/strong>: Desde el retiro en terreno hasta la valorizaci\u00f3n final<\/li><\/ul><ul><li><strong>Cumplimiento normativo<\/strong>: Tramitaci\u00f3n ante autoridades ambientales<\/li><\/ul><ul><li><strong>Econom\u00eda circular<\/strong>: Reinsertamos materiales \u00fatiles en la cadena productiva<\/li><\/ul><ul><li><strong>Protecci\u00f3n de marca<\/strong>: Destrucci\u00f3n certificada de activos obsoleto<\/li><\/ul><p><!--EndFragment --><\/p>\t\t\t\t\t\t\t\t<\/div>\n\t\t\t\t<\/div>\n\t\t\t\t<\/div>\n\t\t\t\t<\/div>\n\t\t<div class=\"elementor-element elementor-element-37b14d3a e-con-full e-flex e-con e-child\" data-id=\"37b14d3a\" data-element_type=\"container\" data-e-type=\"container\">\n\t\t\t\t<div class=\"elementor-element elementor-element-7b10667b elementor-widget elementor-widget-image\" data-id=\"7b10667b\" data-element_type=\"widget\" data-e-type=\"widget\" data-widget_type=\"image.default\">\n\t\t\t\t<div class=\"elementor-widget-container\">\n\t\t\t\t\t\t\t\t\t\t\t\t<figure class=\"wp-caption\">\n\t\t\t\t\t\t\t\t\t\t<img fetchpriority=\"high\" decoding=\"async\" width=\"353\" height=\"632\" src=\"https:\/\/www.respel.cl\/ResiduosPeligrosos\/wp-content\/uploads\/2025\/08\/Captura-de-pantalla-2025-08-06-223212.png\" class=\"attachment-2048x2048 size-2048x2048 wp-image-4425\" alt=\"\" srcset=\"https:\/\/www.respel.cl\/ResiduosPeligrosos\/wp-content\/uploads\/2025\/08\/Captura-de-pantalla-2025-08-06-223212.png 353w, https:\/\/www.respel.cl\/ResiduosPeligrosos\/wp-content\/uploads\/2025\/08\/Captura-de-pantalla-2025-08-06-223212-168x300.png 168w\" sizes=\"(max-width: 353px) 100vw, 353px\" \/>\t\t\t\t\t\t\t\t\t\t\t<figcaption class=\"widget-image-caption wp-caption-text\"><\/figcaption>\n\t\t\t\t\t\t\t\t\t\t<\/figure>\n\t\t\t\t\t\t\t\t\t<\/div>\n\t\t\t\t<\/div>\n\t\t\t\t<\/div>\n\t\t\t\t\t<\/div>\n\t\t\t\t<\/div>\n\t\t<div class=\"elementor-element elementor-element-40ea1ba e-flex e-con-boxed e-con e-parent\" data-id=\"40ea1ba\" data-element_type=\"container\" data-e-type=\"container\">\n\t\t\t\t\t<div class=\"e-con-inner\">\n\t\t\t\t<div class=\"elementor-element elementor-element-6198cf2 elementor-widget-divider--view-line elementor-widget elementor-widget-divider\" data-id=\"6198cf2\" data-element_type=\"widget\" data-e-type=\"widget\" data-widget_type=\"divider.default\">\n\t\t\t\t<div class=\"elementor-widget-container\">\n\t\t\t\t\t\t\t<div class=\"elementor-divider\">\n\t\t\t<span class=\"elementor-divider-separator\">\n\t\t\t\t\t\t<\/span>\n\t\t<\/div>\n\t\t\t\t\t\t<\/div>\n\t\t\t\t<\/div>\n\t\t\t\t\t<\/div>\n\t\t\t\t<\/div>\n\t\t<div class=\"elementor-element elementor-element-360cb566 e-flex e-con-boxed e-con e-parent\" data-id=\"360cb566\" data-element_type=\"container\" data-e-type=\"container\">\n\t\t\t\t\t<div class=\"e-con-inner\">\n\t\t<div class=\"elementor-element elementor-element-4d5a69 e-con-full e-flex e-con e-child\" data-id=\"4d5a69\" data-element_type=\"container\" data-e-type=\"container\">\n\t\t\t\t<div class=\"elementor-element elementor-element-52d2e453 elementor-widget elementor-widget-heading\" data-id=\"52d2e453\" data-element_type=\"widget\" data-e-type=\"widget\" data-widget_type=\"heading.default\">\n\t\t\t\t<div class=\"elementor-widget-container\">\n\t\t\t\t\t<h2 class=\"elementor-heading-title elementor-size-default\"><a href=\"http:\/\/BENEFICIOS%20PARA%20TU%20EMPRESA\">BENEFICIOS PARA TU EMPRESA<\/a><\/h2>\t\t\t\t<\/div>\n\t\t\t\t<\/div>\n\t\t\t\t<div class=\"elementor-element elementor-element-7020ea48 elementor-widget elementor-widget-text-editor\" data-id=\"7020ea48\" data-element_type=\"widget\" data-e-type=\"widget\" data-widget_type=\"text-editor.default\">\n\t\t\t\t<div class=\"elementor-widget-container\">\n\t\t\t\t\t\t\t\t\t<ul><li>Reducci\u00f3n de costos operativos y log\u00edsticos<\/li><li>Mejora en indicadores ESG y reputaci\u00f3n corporativa<\/li><li>Espacios m\u00e1s seguros y libres de residuos acumulados<\/li><li>Contribuci\u00f3n directa a un futuro m\u00e1s limpio<\/li><li>\u00a0<\/li><\/ul><p>\ud83e\udd1d <strong>Tu aliado estrat\u00e9gico en sostenibilidad<\/strong><\/p><p>\u00a0<\/p><p>En RESPEL, no solo reciclamos chatarra: <strong>transformamos residuos en valor<\/strong>. Nuestro equipo t\u00e9cnico y comercial trabaja contigo para dise\u00f1ar soluciones a medida, alineadas con tus metas ambientales y operativas.<\/p><p><!--EndFragment --><\/p>\t\t\t\t\t\t\t\t<\/div>\n\t\t\t\t<\/div>\n\t\t\t\t<\/div>\n\t\t<div class=\"elementor-element elementor-element-1fadb0ea e-con-full e-flex e-con e-child\" data-id=\"1fadb0ea\" data-element_type=\"container\" data-e-type=\"container\">\n\t\t\t\t<div class=\"elementor-element elementor-element-dd4a821 elementor-widget elementor-widget-image\" data-id=\"dd4a821\" data-element_type=\"widget\" data-e-type=\"widget\" data-widget_type=\"image.default\">\n\t\t\t\t<div class=\"elementor-widget-container\">\n\t\t\t\t\t\t\t\t\t\t\t\t\t\t\t<img decoding=\"async\" width=\"615\" height=\"480\" src=\"https:\/\/www.respel.cl\/ResiduosPeligrosos\/wp-content\/uploads\/2025\/05\/respel-trabajando5.jpg\" class=\"attachment-large size-large wp-image-4010\" alt=\"\" srcset=\"https:\/\/www.respel.cl\/ResiduosPeligrosos\/wp-content\/uploads\/2025\/05\/respel-trabajando5.jpg 615w, https:\/\/www.respel.cl\/ResiduosPeligrosos\/wp-content\/uploads\/2025\/05\/respel-trabajando5-300x234.jpg 300w\" sizes=\"(max-width: 615px) 100vw, 615px\" \/>\t\t\t\t\t\t\t\t\t\t\t\t\t\t\t<\/div>\n\t\t\t\t<\/div>\n\t\t\t\t<\/div>\n\t\t\t\t\t<\/div>\n\t\t\t\t<\/div>\n\t\t\t\t<\/div>\n\t\t","protected":false},"excerpt":{"rendered":"RECICLAJE DE CHATARRA En RESPEL.cl, convertimos lo que otros descartan en oportunidades estrat\u00e9gicas. Nuestro servicio de reciclaje de chatarra est\u00e1 dise\u00f1ado para empresas que buscan optimizar recursos, cumplir con la normativa ambiental y fortalecer su compromiso con la sostenibilidad. \u00bfQu\u00e9 tipo de chatarra reciclamos? Metales ferrosos y no ferrosos (acero, cobre, aluminio, bronce)Estructuras met\u00e1licas, maquinaria [&hellip;]","protected":false},"author":2,"featured_media":0,"parent":0,"menu_order":0,"comment_status":"closed","ping_status":"closed","template":"","meta":{"footnotes":""},"class_list":["post-4415","page","type-page","status-publish","hentry"],"yoast_head":"<!-- This site is optimized with the Yoast SEO plugin v27.2 - https:\/\/yoast.com\/product\/yoast-seo-wordpress\/ -->\n<title>Transformamos Residuos en Valor para tu Empresa - Plataforma Ambiental Respel<\/title>\n<meta name=\"description\" content=\"En RESPEL.cl, convertimos lo que otros descartan en oportunidades estrat\u00e9gicas cumpliendo con la normativa ambiental y fortalecer su compromiso con la sostenibilidad.\" \/>\n<meta name=\"robots\" content=\"index, follow, max-snippet:-1, max-image-preview:large, max-video-preview:-1\" \/>\n<link rel=\"canonical\" href=\"https:\/\/www.respel.cl\/ResiduosPeligrosos\/reciclaje-de-chatarra-transformamos-residuos-en-valor-para-tu-empresa\/\" \/>\n<meta property=\"og:locale\" content=\"es_ES\" \/>\n<meta property=\"og:type\" content=\"article\" \/>\n<meta property=\"og:title\" content=\"Transformamos Residuos en Valor para tu Empresa - Plataforma Ambiental Respel\" \/>\n<meta property=\"og:description\" content=\"En RESPEL.cl, convertimos lo que otros descartan en oportunidades estrat\u00e9gicas cumpliendo con la normativa ambiental y fortalecer su compromiso con la sostenibilidad.\" \/>\n<meta property=\"og:url\" content=\"https:\/\/www.respel.cl\/ResiduosPeligrosos\/reciclaje-de-chatarra-transformamos-residuos-en-valor-para-tu-empresa\/\" \/>\n<meta property=\"og:site_name\" content=\"Plataforma Ambiental Respel\" \/>\n<meta property=\"article:modified_time\" content=\"2025-08-07T02:41:49+00:00\" \/>\n<meta property=\"og:image\" content=\"https:\/\/www.respel.cl\/ResiduosPeligrosos\/wp-content\/uploads\/2025\/08\/Captura-de-pantalla-2025-08-06-223212.png\" \/>\n\t<meta property=\"og:image:width\" content=\"353\" \/>\n\t<meta property=\"og:image:height\" content=\"632\" \/>\n\t<meta property=\"og:image:type\" content=\"image\/png\" \/>\n<meta name=\"twitter:card\" content=\"summary_large_image\" \/>\n<meta name=\"twitter:label1\" content=\"Tiempo de lectura\" \/>\n\t<meta name=\"twitter:data1\" content=\"2 minutos\" \/>\n<script type=\"application\/ld+json\" class=\"yoast-schema-graph\">{\"@context\":\"https:\/\/schema.org\",\"@graph\":[{\"@type\":\"WebPage\",\"@id\":\"https:\/\/www.respel.cl\/ResiduosPeligrosos\/reciclaje-de-chatarra-transformamos-residuos-en-valor-para-tu-empresa\/\",\"url\":\"https:\/\/www.respel.cl\/ResiduosPeligrosos\/reciclaje-de-chatarra-transformamos-residuos-en-valor-para-tu-empresa\/\",\"name\":\"Transformamos Residuos en Valor para tu Empresa - Plataforma Ambiental Respel\",\"isPartOf\":{\"@id\":\"https:\/\/www.respel.cl\/ResiduosPeligrosos\/#website\"},\"primaryImageOfPage\":{\"@id\":\"https:\/\/www.respel.cl\/ResiduosPeligrosos\/reciclaje-de-chatarra-transformamos-residuos-en-valor-para-tu-empresa\/#primaryimage\"},\"image\":{\"@id\":\"https:\/\/www.respel.cl\/ResiduosPeligrosos\/reciclaje-de-chatarra-transformamos-residuos-en-valor-para-tu-empresa\/#primaryimage\"},\"thumbnailUrl\":\"https:\/\/www.respel.cl\/ResiduosPeligrosos\/wp-content\/uploads\/2025\/08\/Captura-de-pantalla-2025-08-06-223212.png\",\"datePublished\":\"2025-08-07T02:24:12+00:00\",\"dateModified\":\"2025-08-07T02:41:49+00:00\",\"description\":\"En RESPEL.cl, convertimos lo que otros descartan en oportunidades estrat\u00e9gicas cumpliendo con la normativa ambiental y fortalecer su compromiso con la sostenibilidad.\",\"breadcrumb\":{\"@id\":\"https:\/\/www.respel.cl\/ResiduosPeligrosos\/reciclaje-de-chatarra-transformamos-residuos-en-valor-para-tu-empresa\/#breadcrumb\"},\"inLanguage\":\"es\",\"potentialAction\":[{\"@type\":\"ReadAction\",\"target\":[\"https:\/\/www.respel.cl\/ResiduosPeligrosos\/reciclaje-de-chatarra-transformamos-residuos-en-valor-para-tu-empresa\/\"]}]},{\"@type\":\"ImageObject\",\"inLanguage\":\"es\",\"@id\":\"https:\/\/www.respel.cl\/ResiduosPeligrosos\/reciclaje-de-chatarra-transformamos-residuos-en-valor-para-tu-empresa\/#primaryimage\",\"url\":\"https:\/\/www.respel.cl\/ResiduosPeligrosos\/wp-content\/uploads\/2025\/08\/Captura-de-pantalla-2025-08-06-223212.png\",\"contentUrl\":\"https:\/\/www.respel.cl\/ResiduosPeligrosos\/wp-content\/uploads\/2025\/08\/Captura-de-pantalla-2025-08-06-223212.png\",\"width\":353,\"height\":632},{\"@type\":\"BreadcrumbList\",\"@id\":\"https:\/\/www.respel.cl\/ResiduosPeligrosos\/reciclaje-de-chatarra-transformamos-residuos-en-valor-para-tu-empresa\/#breadcrumb\",\"itemListElement\":[{\"@type\":\"ListItem\",\"position\":1,\"name\":\"Portada\",\"item\":\"https:\/\/www.respel.cl\/ResiduosPeligrosos\/\"},{\"@type\":\"ListItem\",\"position\":2,\"name\":\"Transformamos Residuos en Valor para tu Empresa\"}]},{\"@type\":\"WebSite\",\"@id\":\"https:\/\/www.respel.cl\/ResiduosPeligrosos\/#website\",\"url\":\"https:\/\/www.respel.cl\/ResiduosPeligrosos\/\",\"name\":\"Gesti\u00f3n Global de Residuos Respel\",\"description\":\"RESPEL.cl es una plataforma ambiental especializada en la gesti\u00f3n inteligente de residuos industriales peligrosos y no peligrosos, que impulsa la econom\u00eda circular mediante soluciones innovadoras, trazables y alineadas con la normativa vigente\",\"publisher\":{\"@id\":\"https:\/\/www.respel.cl\/ResiduosPeligrosos\/#organization\"},\"alternateName\":\"Respel en Chile\",\"potentialAction\":[{\"@type\":\"SearchAction\",\"target\":{\"@type\":\"EntryPoint\",\"urlTemplate\":\"https:\/\/www.respel.cl\/ResiduosPeligrosos\/?s={search_term_string}\"},\"query-input\":{\"@type\":\"PropertyValueSpecification\",\"valueRequired\":true,\"valueName\":\"search_term_string\"}}],\"inLanguage\":\"es\"},{\"@type\":\"Organization\",\"@id\":\"https:\/\/www.respel.cl\/ResiduosPeligrosos\/#organization\",\"name\":\"Plataforma de Gesti\u00f3n Ambiental RESPEL\",\"alternateName\":\"Plataforma de Gesti\u00f3n Ambiental Respel Spa\",\"url\":\"https:\/\/www.respel.cl\/ResiduosPeligrosos\/\",\"logo\":{\"@type\":\"ImageObject\",\"inLanguage\":\"es\",\"@id\":\"https:\/\/www.respel.cl\/ResiduosPeligrosos\/#\/schema\/logo\/image\/\",\"url\":\"https:\/\/www.respel.cl\/ResiduosPeligrosos\/wp-content\/uploads\/2025\/03\/logo.svg\",\"contentUrl\":\"https:\/\/www.respel.cl\/ResiduosPeligrosos\/wp-content\/uploads\/2025\/03\/logo.svg\",\"width\":678,\"height\":166,\"caption\":\"Plataforma de Gesti\u00f3n Ambiental RESPEL\"},\"image\":{\"@id\":\"https:\/\/www.respel.cl\/ResiduosPeligrosos\/#\/schema\/logo\/image\/\"}}]}<\/script>\n<!-- \/ Yoast SEO plugin. -->","yoast_head_json":{"title":"Transformamos Residuos en Valor para tu Empresa - Plataforma Ambiental Respel","description":"En RESPEL.cl, convertimos lo que otros descartan en oportunidades estrat\u00e9gicas cumpliendo con la normativa ambiental y fortalecer su compromiso con la sostenibilidad.","robots":{"index":"index","follow":"follow","max-snippet":"max-snippet:-1","max-image-preview":"max-image-preview:large","max-video-preview":"max-video-preview:-1"},"canonical":"https:\/\/www.respel.cl\/ResiduosPeligrosos\/reciclaje-de-chatarra-transformamos-residuos-en-valor-para-tu-empresa\/","og_locale":"es_ES","og_type":"article","og_title":"Transformamos Residuos en Valor para tu Empresa - Plataforma Ambiental Respel","og_description":"En RESPEL.cl, convertimos lo que otros descartan en oportunidades estrat\u00e9gicas cumpliendo con la normativa ambiental y fortalecer su compromiso con la sostenibilidad.","og_url":"https:\/\/www.respel.cl\/ResiduosPeligrosos\/reciclaje-de-chatarra-transformamos-residuos-en-valor-para-tu-empresa\/","og_site_name":"Plataforma Ambiental Respel","article_modified_time":"2025-08-07T02:41:49+00:00","og_image":[{"width":353,"height":632,"url":"https:\/\/www.respel.cl\/ResiduosPeligrosos\/wp-content\/uploads\/2025\/08\/Captura-de-pantalla-2025-08-06-223212.png","type":"image\/png"}],"twitter_card":"summary_large_image","twitter_misc":{"Tiempo de lectura":"2 minutos"},"schema":{"@context":"https:\/\/schema.org","@graph":[{"@type":"WebPage","@id":"https:\/\/www.respel.cl\/ResiduosPeligrosos\/reciclaje-de-chatarra-transformamos-residuos-en-valor-para-tu-empresa\/","url":"https:\/\/www.respel.cl\/ResiduosPeligrosos\/reciclaje-de-chatarra-transformamos-residuos-en-valor-para-tu-empresa\/","name":"Transformamos Residuos en Valor para tu Empresa - Plataforma Ambiental Respel","isPartOf":{"@id":"https:\/\/www.respel.cl\/ResiduosPeligrosos\/#website"},"primaryImageOfPage":{"@id":"https:\/\/www.respel.cl\/ResiduosPeligrosos\/reciclaje-de-chatarra-transformamos-residuos-en-valor-para-tu-empresa\/#primaryimage"},"image":{"@id":"https:\/\/www.respel.cl\/ResiduosPeligrosos\/reciclaje-de-chatarra-transformamos-residuos-en-valor-para-tu-empresa\/#primaryimage"},"thumbnailUrl":"https:\/\/www.respel.cl\/ResiduosPeligrosos\/wp-content\/uploads\/2025\/08\/Captura-de-pantalla-2025-08-06-223212.png","datePublished":"2025-08-07T02:24:12+00:00","dateModified":"2025-08-07T02:41:49+00:00","description":"En RESPEL.cl, convertimos lo que otros descartan en oportunidades estrat\u00e9gicas cumpliendo con la normativa ambiental y fortalecer su compromiso con la sostenibilidad.","breadcrumb":{"@id":"https:\/\/www.respel.cl\/ResiduosPeligrosos\/reciclaje-de-chatarra-transformamos-residuos-en-valor-para-tu-empresa\/#breadcrumb"},"inLanguage":"es","potentialAction":[{"@type":"ReadAction","target":["https:\/\/www.respel.cl\/ResiduosPeligrosos\/reciclaje-de-chatarra-transformamos-residuos-en-valor-para-tu-empresa\/"]}]},{"@type":"ImageObject","inLanguage":"es","@id":"https:\/\/www.respel.cl\/ResiduosPeligrosos\/reciclaje-de-chatarra-transformamos-residuos-en-valor-para-tu-empresa\/#primaryimage","url":"https:\/\/www.respel.cl\/ResiduosPeligrosos\/wp-content\/uploads\/2025\/08\/Captura-de-pantalla-2025-08-06-223212.png","contentUrl":"https:\/\/www.respel.cl\/ResiduosPeligrosos\/wp-content\/uploads\/2025\/08\/Captura-de-pantalla-2025-08-06-223212.png","width":353,"height":632},{"@type":"BreadcrumbList","@id":"https:\/\/www.respel.cl\/ResiduosPeligrosos\/reciclaje-de-chatarra-transformamos-residuos-en-valor-para-tu-empresa\/#breadcrumb","itemListElement":[{"@type":"ListItem","position":1,"name":"Portada","item":"https:\/\/www.respel.cl\/ResiduosPeligrosos\/"},{"@type":"ListItem","position":2,"name":"Transformamos Residuos en Valor para tu Empresa"}]},{"@type":"WebSite","@id":"https:\/\/www.respel.cl\/ResiduosPeligrosos\/#website","url":"https:\/\/www.respel.cl\/ResiduosPeligrosos\/","name":"Gesti\u00f3n Global de Residuos Respel","description":"RESPEL.cl es una plataforma ambiental especializada en la gesti\u00f3n inteligente de residuos industriales peligrosos y no peligrosos, que impulsa la econom\u00eda circular mediante soluciones innovadoras, trazables y alineadas con la normativa vigente","publisher":{"@id":"https:\/\/www.respel.cl\/ResiduosPeligrosos\/#organization"},"alternateName":"Respel en Chile","potentialAction":[{"@type":"SearchAction","target":{"@type":"EntryPoint","urlTemplate":"https:\/\/www.respel.cl\/ResiduosPeligrosos\/?s={search_term_string}"},"query-input":{"@type":"PropertyValueSpecification","valueRequired":true,"valueName":"search_term_string"}}],"inLanguage":"es"},{"@type":"Organization","@id":"https:\/\/www.respel.cl\/ResiduosPeligrosos\/#organization","name":"Plataforma de Gesti\u00f3n Ambiental RESPEL","alternateName":"Plataforma de Gesti\u00f3n Ambiental Respel Spa","url":"https:\/\/www.respel.cl\/ResiduosPeligrosos\/","logo":{"@type":"ImageObject","inLanguage":"es","@id":"https:\/\/www.respel.cl\/ResiduosPeligrosos\/#\/schema\/logo\/image\/","url":"https:\/\/www.respel.cl\/ResiduosPeligrosos\/wp-content\/uploads\/2025\/03\/logo.svg","contentUrl":"https:\/\/www.respel.cl\/ResiduosPeligrosos\/wp-content\/uploads\/2025\/03\/logo.svg","width":678,"height":166,"caption":"Plataforma de Gesti\u00f3n Ambiental RESPEL"},"image":{"@id":"https:\/\/www.respel.cl\/ResiduosPeligrosos\/#\/schema\/logo\/image\/"}}]}},"_links":{"self":[{"href":"https:\/\/www.respel.cl\/ResiduosPeligrosos\/wp-json\/wp\/v2\/pages\/4415","targetHints":{"allow":["GET"]}}],"collection":[{"href":"https:\/\/www.respel.cl\/ResiduosPeligrosos\/wp-json\/wp\/v2\/pages"}],"about":[{"href":"https:\/\/www.respel.cl\/ResiduosPeligrosos\/wp-json\/wp\/v2\/types\/page"}],"author":[{"embeddable":true,"href":"https:\/\/www.respel.cl\/ResiduosPeligrosos\/wp-json\/wp\/v2\/users\/2"}],"replies":[{"embeddable":true,"href":"https:\/\/www.respel.cl\/ResiduosPeligrosos\/wp-json\/wp\/v2\/comments?post=4415"}],"version-history":[{"count":17,"href":"https:\/\/www.respel.cl\/ResiduosPeligrosos\/wp-json\/wp\/v2\/pages\/4415\/revisions"}],"predecessor-version":[{"id":4438,"href":"https:\/\/www.respel.cl\/ResiduosPeligrosos\/wp-json\/wp\/v2\/pages\/4415\/revisions\/4438"}],"wp:attachment":[{"href":"https:\/\/www.respel.cl\/ResiduosPeligrosos\/wp-json\/wp\/v2\/media?parent=4415"}],"curies":[{"name":"wp","href":"https:\/\/api.w.org\/{rel}","templated":true}]}}