{"id":4439,"date":"2025-08-07T02:47:22","date_gmt":"2025-08-07T02:47:22","guid":{"rendered":"https:\/\/www.respel.cl\/ResiduosPeligrosos\/?page_id=4439"},"modified":"2025-08-27T11:50:46","modified_gmt":"2025-08-27T11:50:46","slug":"seguridad-cumplimiento-y-responsabilidad-ambiental","status":"publish","type":"page","link":"https:\/\/www.respel.cl\/ResiduosPeligrosos\/seguridad-cumplimiento-y-responsabilidad-ambiental\/","title":{"rendered":"Gesti\u00f3n de Reactivos Qu\u00edmicos"},"content":{"rendered":"\t\t<div data-elementor-type=\"wp-page\" data-elementor-id=\"4439\" class=\"elementor elementor-4439\">\n\t\t\t\t<div class=\"elementor-element elementor-element-14577aae e-flex e-con-boxed e-con e-parent\" data-id=\"14577aae\" data-element_type=\"container\" data-e-type=\"container\">\n\t\t\t\t\t<div class=\"e-con-inner\">\n\t\t<div class=\"elementor-element elementor-element-561c42ab e-con-full e-flex e-con e-child\" data-id=\"561c42ab\" data-element_type=\"container\" data-e-type=\"container\">\n\t\t\t\t<div class=\"elementor-element elementor-element-7c6bedb5 elementor-widget elementor-widget-heading\" data-id=\"7c6bedb5\" data-element_type=\"widget\" data-e-type=\"widget\" data-widget_type=\"heading.default\">\n\t\t\t\t<div class=\"elementor-widget-container\">\n\t\t\t\t\t<h2 class=\"elementor-heading-title elementor-size-default\">Seguridad, Cumplimiento y Responsabilidad Ambiental<\/h2>\t\t\t\t<\/div>\n\t\t\t\t<\/div>\n\t\t\t\t<div class=\"elementor-element elementor-element-17ac9083 elementor-widget elementor-widget-text-editor\" data-id=\"17ac9083\" data-element_type=\"widget\" data-e-type=\"widget\" data-widget_type=\"text-editor.default\">\n\t\t\t\t<div class=\"elementor-widget-container\">\n\t\t\t\t\t\t\t\t\t<p>En RESPEL.cl, ofrecemos soluciones especializadas para la <strong>gesti\u00f3n segura de reactivos qu\u00edmicos<\/strong>, atendiendo a empresas que manejan sustancias peligrosas en sus procesos productivos o de laboratorio. Nuestro servicio est\u00e1 dise\u00f1ado para minimizar riesgos, cumplir con la normativa vigente y proteger tanto a las personas como al medio ambiente.<\/p><p>\ud83e\uddea <strong>\u00bfQu\u00e9 tipo de reactivos gestionamos?<\/strong><\/p><ul><li>\u00c1cidos, bases y solventes org\u00e1nicos<\/li><li>Reactivos caducados o fuera de especificaci\u00f3n<\/li><li>Sustancias inflamables, corrosivas, t\u00f3xicas o reactivas<\/li><li>Productos qu\u00edmicos de laboratorio y procesos industriales<\/li><\/ul><p>\ud83d\udd12 <strong>\u00bfPor qu\u00e9 confiar en RESPEL?<\/strong><\/p><ul><li><strong>Identificaci\u00f3n y clasificaci\u00f3n t\u00e9cnica<\/strong> de cada reactivo<\/li><li><strong>Retiro seguro en terreno<\/strong>, con personal capacitado y equipos certificados<\/li><li><strong>Transporte autorizado<\/strong> seg\u00fan normativa de residuos peligrosos<\/li><li><strong>Tratamiento y disposici\u00f3n final<\/strong> en instalaciones acreditadas<\/li><\/ul><p>\u00a0<\/p>\t\t\t\t\t\t\t\t<\/div>\n\t\t\t\t<\/div>\n\t\t\t\t<\/div>\n\t\t<div class=\"elementor-element elementor-element-461255c1 e-con-full e-flex e-con e-child\" data-id=\"461255c1\" data-element_type=\"container\" data-e-type=\"container\">\n\t\t\t\t<div class=\"elementor-element elementor-element-2d9beffd elementor-widget elementor-widget-image\" data-id=\"2d9beffd\" data-element_type=\"widget\" data-e-type=\"widget\" data-widget_type=\"image.default\">\n\t\t\t\t<div class=\"elementor-widget-container\">\n\t\t\t\t\t\t\t\t\t\t\t\t<figure class=\"wp-caption\">\n\t\t\t\t\t\t\t\t\t\t<img fetchpriority=\"high\" decoding=\"async\" width=\"400\" height=\"600\" src=\"https:\/\/www.respel.cl\/ResiduosPeligrosos\/wp-content\/uploads\/2024\/07\/img1.jpg\" class=\"attachment-large size-large wp-image-375\" alt=\"\" srcset=\"https:\/\/www.respel.cl\/ResiduosPeligrosos\/wp-content\/uploads\/2024\/07\/img1.jpg 400w, https:\/\/www.respel.cl\/ResiduosPeligrosos\/wp-content\/uploads\/2024\/07\/img1-200x300.jpg 200w\" sizes=\"(max-width: 400px) 100vw, 400px\" \/>\t\t\t\t\t\t\t\t\t\t\t<figcaption class=\"widget-image-caption wp-caption-text\"><\/figcaption>\n\t\t\t\t\t\t\t\t\t\t<\/figure>\n\t\t\t\t\t\t\t\t\t<\/div>\n\t\t\t\t<\/div>\n\t\t\t\t<\/div>\n\t\t\t\t\t<\/div>\n\t\t\t\t<\/div>\n\t\t<div class=\"elementor-element elementor-element-9cf5f4d e-flex e-con-boxed e-con e-parent\" data-id=\"9cf5f4d\" data-element_type=\"container\" data-e-type=\"container\">\n\t\t\t\t\t<div class=\"e-con-inner\">\n\t\t\t\t<div class=\"elementor-element elementor-element-8e2b537 elementor-widget-divider--view-line elementor-widget elementor-widget-divider\" data-id=\"8e2b537\" data-element_type=\"widget\" data-e-type=\"widget\" data-widget_type=\"divider.default\">\n\t\t\t\t<div class=\"elementor-widget-container\">\n\t\t\t\t\t\t\t<div class=\"elementor-divider\">\n\t\t\t<span class=\"elementor-divider-separator\">\n\t\t\t\t\t\t<\/span>\n\t\t<\/div>\n\t\t\t\t\t\t<\/div>\n\t\t\t\t<\/div>\n\t\t\t\t\t<\/div>\n\t\t\t\t<\/div>\n\t\t<div class=\"elementor-element elementor-element-4fa7b78f e-flex e-con-boxed e-con e-parent\" data-id=\"4fa7b78f\" data-element_type=\"container\" data-e-type=\"container\">\n\t\t\t\t\t<div class=\"e-con-inner\">\n\t\t<div class=\"elementor-element elementor-element-4882600a e-con-full e-flex e-con e-child\" data-id=\"4882600a\" data-element_type=\"container\" data-e-type=\"container\">\n\t\t\t\t<div class=\"elementor-element elementor-element-24640c0c elementor-widget elementor-widget-heading\" data-id=\"24640c0c\" data-element_type=\"widget\" data-e-type=\"widget\" data-widget_type=\"heading.default\">\n\t\t\t\t<div class=\"elementor-widget-container\">\n\t\t\t\t\t<h2 class=\"elementor-heading-title elementor-size-default\">Cumple con la normativa y evita riesgos: conf\u00eda en RESPEL para tus residuos qu\u00edmicos<\/h2>\t\t\t\t<\/div>\n\t\t\t\t<\/div>\n\t\t\t\t<div class=\"elementor-element elementor-element-7f664ae6 elementor-widget elementor-widget-text-editor\" data-id=\"7f664ae6\" data-element_type=\"widget\" data-e-type=\"widget\" data-widget_type=\"text-editor.default\">\n\t\t\t\t<div class=\"elementor-widget-container\">\n\t\t\t\t\t\t\t\t\t<p>\ud83d\udccb<strong> Beneficios para tu empresa<\/strong><\/p><ul><li>Cumplimiento con el DS 148 y otras normativas ambientales<\/li><li>Reducci\u00f3n de riesgos operacionales y legales<\/li><li>Protecci\u00f3n de la salud ocupacional y del entorno<\/li><li>Registro documental completo para auditor\u00edas y reportes ESG<\/li><\/ul><p>\ud83c\udf10 <strong>Servicio a nivel nacional<\/strong><\/p><p>Atendemos laboratorios, plantas industriales, centros de investigaci\u00f3n y empresas del rubro minero, farmac\u00e9utico y alimentario. Nuestro enfoque es <strong>comercial, t\u00e9cnico y personalizado<\/strong>, adaptado a las necesidades de cada cliente.<\/p>\t\t\t\t\t\t\t\t<\/div>\n\t\t\t\t<\/div>\n\t\t\t\t<\/div>\n\t\t<div class=\"elementor-element elementor-element-5575fa5d e-con-full e-flex e-con e-child\" data-id=\"5575fa5d\" data-element_type=\"container\" data-e-type=\"container\">\n\t\t\t\t<div class=\"elementor-element elementor-element-bbea426 elementor-widget elementor-widget-image\" data-id=\"bbea426\" data-element_type=\"widget\" data-e-type=\"widget\" data-widget_type=\"image.default\">\n\t\t\t\t<div class=\"elementor-widget-container\">\n\t\t\t\t\t\t\t\t\t\t\t\t\t\t\t<img decoding=\"async\" width=\"257\" height=\"300\" src=\"https:\/\/www.respel.cl\/ResiduosPeligrosos\/wp-content\/uploads\/2025\/08\/reacdtivos2-257x300.jpg\" class=\"attachment-medium size-medium wp-image-4449\" alt=\"\" srcset=\"https:\/\/www.respel.cl\/ResiduosPeligrosos\/wp-content\/uploads\/2025\/08\/reacdtivos2-257x300.jpg 257w, https:\/\/www.respel.cl\/ResiduosPeligrosos\/wp-content\/uploads\/2025\/08\/reacdtivos2.jpg 514w\" sizes=\"(max-width: 257px) 100vw, 257px\" \/>\t\t\t\t\t\t\t\t\t\t\t\t\t\t\t<\/div>\n\t\t\t\t<\/div>\n\t\t\t\t<\/div>\n\t\t\t\t\t<\/div>\n\t\t\t\t<\/div>\n\t\t\t\t<\/div>\n\t\t","protected":false},"excerpt":{"rendered":"Seguridad, Cumplimiento y Responsabilidad Ambiental En RESPEL.cl, ofrecemos soluciones especializadas para la gesti\u00f3n segura de reactivos qu\u00edmicos, atendiendo a empresas que manejan sustancias peligrosas en sus procesos productivos o de laboratorio. Nuestro servicio est\u00e1 dise\u00f1ado para minimizar riesgos, cumplir con la normativa vigente y proteger tanto a las personas como al medio ambiente.\ud83e\uddea \u00bfQu\u00e9 tipo [&hellip;]","protected":false},"author":2,"featured_media":4443,"parent":0,"menu_order":0,"comment_status":"closed","ping_status":"closed","template":"","meta":{"footnotes":""},"class_list":["post-4439","page","type-page","status-publish","has-post-thumbnail","hentry"],"yoast_head":"<!-- This site is optimized with the Yoast SEO plugin v27.2 - https:\/\/yoast.com\/product\/yoast-seo-wordpress\/ -->\n<title>\u2697\ufe0f Manejo Seguro de Reactivos Qu\u00edmicos Industriales<\/title>\n<meta name=\"description\" content=\"Especialistas en manejo seguro de reactivos qu\u00edmicos industriales. En RESPEL Chile garantizamos trazabilidad, cumplimiento normativo y soluciones sustentables para tu empresa.\" \/>\n<meta name=\"robots\" content=\"index, follow, max-snippet:-1, max-image-preview:large, max-video-preview:-1\" \/>\n<link rel=\"canonical\" href=\"https:\/\/www.respel.cl\/ResiduosPeligrosos\/seguridad-cumplimiento-y-responsabilidad-ambiental\/\" \/>\n<meta property=\"og:locale\" content=\"es_ES\" \/>\n<meta property=\"og:type\" content=\"article\" \/>\n<meta property=\"og:title\" content=\"\u2697\ufe0f Manejo Seguro de Reactivos Qu\u00edmicos Industriales\" \/>\n<meta property=\"og:description\" content=\"Especialistas en manejo seguro de reactivos qu\u00edmicos industriales. En RESPEL Chile garantizamos trazabilidad, cumplimiento normativo y soluciones sustentables para tu empresa.\" \/>\n<meta property=\"og:url\" content=\"https:\/\/www.respel.cl\/ResiduosPeligrosos\/seguridad-cumplimiento-y-responsabilidad-ambiental\/\" \/>\n<meta property=\"og:site_name\" content=\"Plataforma Ambiental Respel\" \/>\n<meta property=\"article:modified_time\" content=\"2025-08-27T11:50:46+00:00\" \/>\n<meta property=\"og:image\" content=\"https:\/\/www.respel.cl\/ResiduosPeligrosos\/wp-content\/uploads\/2025\/08\/90be68a1-55be-4918-9229-c0c805e2524f.jpeg\" \/>\n\t<meta property=\"og:image:width\" content=\"1200\" \/>\n\t<meta property=\"og:image:height\" content=\"1600\" \/>\n\t<meta property=\"og:image:type\" content=\"image\/jpeg\" \/>\n<meta name=\"twitter:card\" content=\"summary_large_image\" \/>\n<meta name=\"twitter:label1\" content=\"Tiempo de lectura\" \/>\n\t<meta name=\"twitter:data1\" content=\"2 minutos\" \/>\n<script type=\"application\/ld+json\" class=\"yoast-schema-graph\">{\"@context\":\"https:\/\/schema.org\",\"@graph\":[{\"@type\":\"WebPage\",\"@id\":\"https:\/\/www.respel.cl\/ResiduosPeligrosos\/seguridad-cumplimiento-y-responsabilidad-ambiental\/\",\"url\":\"https:\/\/www.respel.cl\/ResiduosPeligrosos\/seguridad-cumplimiento-y-responsabilidad-ambiental\/\",\"name\":\"\u2697\ufe0f Manejo Seguro de Reactivos Qu\u00edmicos Industriales\",\"isPartOf\":{\"@id\":\"https:\/\/www.respel.cl\/ResiduosPeligrosos\/#website\"},\"primaryImageOfPage\":{\"@id\":\"https:\/\/www.respel.cl\/ResiduosPeligrosos\/seguridad-cumplimiento-y-responsabilidad-ambiental\/#primaryimage\"},\"image\":{\"@id\":\"https:\/\/www.respel.cl\/ResiduosPeligrosos\/seguridad-cumplimiento-y-responsabilidad-ambiental\/#primaryimage\"},\"thumbnailUrl\":\"https:\/\/www.respel.cl\/ResiduosPeligrosos\/wp-content\/uploads\/2025\/08\/90be68a1-55be-4918-9229-c0c805e2524f.jpeg\",\"datePublished\":\"2025-08-07T02:47:22+00:00\",\"dateModified\":\"2025-08-27T11:50:46+00:00\",\"description\":\"Especialistas en manejo seguro de reactivos qu\u00edmicos industriales. En RESPEL Chile garantizamos trazabilidad, cumplimiento normativo y soluciones sustentables para tu empresa.\",\"breadcrumb\":{\"@id\":\"https:\/\/www.respel.cl\/ResiduosPeligrosos\/seguridad-cumplimiento-y-responsabilidad-ambiental\/#breadcrumb\"},\"inLanguage\":\"es\",\"potentialAction\":[{\"@type\":\"ReadAction\",\"target\":[\"https:\/\/www.respel.cl\/ResiduosPeligrosos\/seguridad-cumplimiento-y-responsabilidad-ambiental\/\"]}]},{\"@type\":\"ImageObject\",\"inLanguage\":\"es\",\"@id\":\"https:\/\/www.respel.cl\/ResiduosPeligrosos\/seguridad-cumplimiento-y-responsabilidad-ambiental\/#primaryimage\",\"url\":\"https:\/\/www.respel.cl\/ResiduosPeligrosos\/wp-content\/uploads\/2025\/08\/90be68a1-55be-4918-9229-c0c805e2524f.jpeg\",\"contentUrl\":\"https:\/\/www.respel.cl\/ResiduosPeligrosos\/wp-content\/uploads\/2025\/08\/90be68a1-55be-4918-9229-c0c805e2524f.jpeg\",\"width\":1200,\"height\":1600},{\"@type\":\"BreadcrumbList\",\"@id\":\"https:\/\/www.respel.cl\/ResiduosPeligrosos\/seguridad-cumplimiento-y-responsabilidad-ambiental\/#breadcrumb\",\"itemListElement\":[{\"@type\":\"ListItem\",\"position\":1,\"name\":\"Portada\",\"item\":\"https:\/\/www.respel.cl\/ResiduosPeligrosos\/\"},{\"@type\":\"ListItem\",\"position\":2,\"name\":\"Gesti\u00f3n de Reactivos Qu\u00edmicos\"}]},{\"@type\":\"WebSite\",\"@id\":\"https:\/\/www.respel.cl\/ResiduosPeligrosos\/#website\",\"url\":\"https:\/\/www.respel.cl\/ResiduosPeligrosos\/\",\"name\":\"Gesti\u00f3n Global de Residuos Respel\",\"description\":\"RESPEL.cl es una plataforma ambiental especializada en la gesti\u00f3n inteligente de residuos industriales peligrosos y no peligrosos, que impulsa la econom\u00eda circular mediante soluciones innovadoras, trazables y alineadas con la normativa vigente\",\"publisher\":{\"@id\":\"https:\/\/www.respel.cl\/ResiduosPeligrosos\/#organization\"},\"alternateName\":\"Respel en Chile\",\"potentialAction\":[{\"@type\":\"SearchAction\",\"target\":{\"@type\":\"EntryPoint\",\"urlTemplate\":\"https:\/\/www.respel.cl\/ResiduosPeligrosos\/?s={search_term_string}\"},\"query-input\":{\"@type\":\"PropertyValueSpecification\",\"valueRequired\":true,\"valueName\":\"search_term_string\"}}],\"inLanguage\":\"es\"},{\"@type\":\"Organization\",\"@id\":\"https:\/\/www.respel.cl\/ResiduosPeligrosos\/#organization\",\"name\":\"Plataforma de Gesti\u00f3n Ambiental RESPEL\",\"alternateName\":\"Plataforma de Gesti\u00f3n Ambiental Respel Spa\",\"url\":\"https:\/\/www.respel.cl\/ResiduosPeligrosos\/\",\"logo\":{\"@type\":\"ImageObject\",\"inLanguage\":\"es\",\"@id\":\"https:\/\/www.respel.cl\/ResiduosPeligrosos\/#\/schema\/logo\/image\/\",\"url\":\"https:\/\/www.respel.cl\/ResiduosPeligrosos\/wp-content\/uploads\/2025\/03\/logo.svg\",\"contentUrl\":\"https:\/\/www.respel.cl\/ResiduosPeligrosos\/wp-content\/uploads\/2025\/03\/logo.svg\",\"width\":678,\"height\":166,\"caption\":\"Plataforma de Gesti\u00f3n Ambiental RESPEL\"},\"image\":{\"@id\":\"https:\/\/www.respel.cl\/ResiduosPeligrosos\/#\/schema\/logo\/image\/\"}}]}<\/script>\n<!-- \/ Yoast SEO plugin. -->","yoast_head_json":{"title":"\u2697\ufe0f Manejo Seguro de Reactivos Qu\u00edmicos Industriales","description":"Especialistas en manejo seguro de reactivos qu\u00edmicos industriales. En RESPEL Chile garantizamos trazabilidad, cumplimiento normativo y soluciones sustentables para tu empresa.","robots":{"index":"index","follow":"follow","max-snippet":"max-snippet:-1","max-image-preview":"max-image-preview:large","max-video-preview":"max-video-preview:-1"},"canonical":"https:\/\/www.respel.cl\/ResiduosPeligrosos\/seguridad-cumplimiento-y-responsabilidad-ambiental\/","og_locale":"es_ES","og_type":"article","og_title":"\u2697\ufe0f Manejo Seguro de Reactivos Qu\u00edmicos Industriales","og_description":"Especialistas en manejo seguro de reactivos qu\u00edmicos industriales. En RESPEL Chile garantizamos trazabilidad, cumplimiento normativo y soluciones sustentables para tu empresa.","og_url":"https:\/\/www.respel.cl\/ResiduosPeligrosos\/seguridad-cumplimiento-y-responsabilidad-ambiental\/","og_site_name":"Plataforma Ambiental Respel","article_modified_time":"2025-08-27T11:50:46+00:00","og_image":[{"width":1200,"height":1600,"url":"https:\/\/www.respel.cl\/ResiduosPeligrosos\/wp-content\/uploads\/2025\/08\/90be68a1-55be-4918-9229-c0c805e2524f.jpeg","type":"image\/jpeg"}],"twitter_card":"summary_large_image","twitter_misc":{"Tiempo de lectura":"2 minutos"},"schema":{"@context":"https:\/\/schema.org","@graph":[{"@type":"WebPage","@id":"https:\/\/www.respel.cl\/ResiduosPeligrosos\/seguridad-cumplimiento-y-responsabilidad-ambiental\/","url":"https:\/\/www.respel.cl\/ResiduosPeligrosos\/seguridad-cumplimiento-y-responsabilidad-ambiental\/","name":"\u2697\ufe0f Manejo Seguro de Reactivos Qu\u00edmicos Industriales","isPartOf":{"@id":"https:\/\/www.respel.cl\/ResiduosPeligrosos\/#website"},"primaryImageOfPage":{"@id":"https:\/\/www.respel.cl\/ResiduosPeligrosos\/seguridad-cumplimiento-y-responsabilidad-ambiental\/#primaryimage"},"image":{"@id":"https:\/\/www.respel.cl\/ResiduosPeligrosos\/seguridad-cumplimiento-y-responsabilidad-ambiental\/#primaryimage"},"thumbnailUrl":"https:\/\/www.respel.cl\/ResiduosPeligrosos\/wp-content\/uploads\/2025\/08\/90be68a1-55be-4918-9229-c0c805e2524f.jpeg","datePublished":"2025-08-07T02:47:22+00:00","dateModified":"2025-08-27T11:50:46+00:00","description":"Especialistas en manejo seguro de reactivos qu\u00edmicos industriales. En RESPEL Chile garantizamos trazabilidad, cumplimiento normativo y soluciones sustentables para tu empresa.","breadcrumb":{"@id":"https:\/\/www.respel.cl\/ResiduosPeligrosos\/seguridad-cumplimiento-y-responsabilidad-ambiental\/#breadcrumb"},"inLanguage":"es","potentialAction":[{"@type":"ReadAction","target":["https:\/\/www.respel.cl\/ResiduosPeligrosos\/seguridad-cumplimiento-y-responsabilidad-ambiental\/"]}]},{"@type":"ImageObject","inLanguage":"es","@id":"https:\/\/www.respel.cl\/ResiduosPeligrosos\/seguridad-cumplimiento-y-responsabilidad-ambiental\/#primaryimage","url":"https:\/\/www.respel.cl\/ResiduosPeligrosos\/wp-content\/uploads\/2025\/08\/90be68a1-55be-4918-9229-c0c805e2524f.jpeg","contentUrl":"https:\/\/www.respel.cl\/ResiduosPeligrosos\/wp-content\/uploads\/2025\/08\/90be68a1-55be-4918-9229-c0c805e2524f.jpeg","width":1200,"height":1600},{"@type":"BreadcrumbList","@id":"https:\/\/www.respel.cl\/ResiduosPeligrosos\/seguridad-cumplimiento-y-responsabilidad-ambiental\/#breadcrumb","itemListElement":[{"@type":"ListItem","position":1,"name":"Portada","item":"https:\/\/www.respel.cl\/ResiduosPeligrosos\/"},{"@type":"ListItem","position":2,"name":"Gesti\u00f3n de Reactivos Qu\u00edmicos"}]},{"@type":"WebSite","@id":"https:\/\/www.respel.cl\/ResiduosPeligrosos\/#website","url":"https:\/\/www.respel.cl\/ResiduosPeligrosos\/","name":"Gesti\u00f3n Global de Residuos Respel","description":"RESPEL.cl es una plataforma ambiental especializada en la gesti\u00f3n inteligente de residuos industriales peligrosos y no peligrosos, que impulsa la econom\u00eda circular mediante soluciones innovadoras, trazables y alineadas con la normativa vigente","publisher":{"@id":"https:\/\/www.respel.cl\/ResiduosPeligrosos\/#organization"},"alternateName":"Respel en Chile","potentialAction":[{"@type":"SearchAction","target":{"@type":"EntryPoint","urlTemplate":"https:\/\/www.respel.cl\/ResiduosPeligrosos\/?s={search_term_string}"},"query-input":{"@type":"PropertyValueSpecification","valueRequired":true,"valueName":"search_term_string"}}],"inLanguage":"es"},{"@type":"Organization","@id":"https:\/\/www.respel.cl\/ResiduosPeligrosos\/#organization","name":"Plataforma de Gesti\u00f3n Ambiental RESPEL","alternateName":"Plataforma de Gesti\u00f3n Ambiental Respel Spa","url":"https:\/\/www.respel.cl\/ResiduosPeligrosos\/","logo":{"@type":"ImageObject","inLanguage":"es","@id":"https:\/\/www.respel.cl\/ResiduosPeligrosos\/#\/schema\/logo\/image\/","url":"https:\/\/www.respel.cl\/ResiduosPeligrosos\/wp-content\/uploads\/2025\/03\/logo.svg","contentUrl":"https:\/\/www.respel.cl\/ResiduosPeligrosos\/wp-content\/uploads\/2025\/03\/logo.svg","width":678,"height":166,"caption":"Plataforma de Gesti\u00f3n Ambiental RESPEL"},"image":{"@id":"https:\/\/www.respel.cl\/ResiduosPeligrosos\/#\/schema\/logo\/image\/"}}]}},"_links":{"self":[{"href":"https:\/\/www.respel.cl\/ResiduosPeligrosos\/wp-json\/wp\/v2\/pages\/4439","targetHints":{"allow":["GET"]}}],"collection":[{"href":"https:\/\/www.respel.cl\/ResiduosPeligrosos\/wp-json\/wp\/v2\/pages"}],"about":[{"href":"https:\/\/www.respel.cl\/ResiduosPeligrosos\/wp-json\/wp\/v2\/types\/page"}],"author":[{"embeddable":true,"href":"https:\/\/www.respel.cl\/ResiduosPeligrosos\/wp-json\/wp\/v2\/users\/2"}],"replies":[{"embeddable":true,"href":"https:\/\/www.respel.cl\/ResiduosPeligrosos\/wp-json\/wp\/v2\/comments?post=4439"}],"version-history":[{"count":10,"href":"https:\/\/www.respel.cl\/ResiduosPeligrosos\/wp-json\/wp\/v2\/pages\/4439\/revisions"}],"predecessor-version":[{"id":4459,"href":"https:\/\/www.respel.cl\/ResiduosPeligrosos\/wp-json\/wp\/v2\/pages\/4439\/revisions\/4459"}],"wp:featuredmedia":[{"embeddable":true,"href":"https:\/\/www.respel.cl\/ResiduosPeligrosos\/wp-json\/wp\/v2\/media\/4443"}],"wp:attachment":[{"href":"https:\/\/www.respel.cl\/ResiduosPeligrosos\/wp-json\/wp\/v2\/media?parent=4439"}],"curies":[{"name":"wp","href":"https:\/\/api.w.org\/{rel}","templated":true}]}}