{"id":4522,"date":"2025-08-08T12:45:34","date_gmt":"2025-08-08T12:45:34","guid":{"rendered":"https:\/\/www.respel.cl\/ResiduosPeligrosos\/?page_id=4522"},"modified":"2025-08-27T11:44:35","modified_gmt":"2025-08-27T11:44:35","slug":"desmantelamiento-industrial-manejo-residuos","status":"publish","type":"page","link":"https:\/\/www.respel.cl\/ResiduosPeligrosos\/desmantelamiento-industrial-manejo-residuos\/","title":{"rendered":"Desmantelamiento y Desarme Industrial"},"content":{"rendered":"\t\t<div data-elementor-type=\"wp-page\" data-elementor-id=\"4522\" class=\"elementor elementor-4522\">\n\t\t\t\t<div class=\"elementor-element elementor-element-44d96b07 e-flex e-con-boxed e-con e-parent\" data-id=\"44d96b07\" data-element_type=\"container\" data-e-type=\"container\">\n\t\t\t\t\t<div class=\"e-con-inner\">\n\t\t<div class=\"elementor-element elementor-element-18c97785 e-con-full e-flex e-con e-child\" data-id=\"18c97785\" data-element_type=\"container\" data-e-type=\"container\">\n\t\t\t\t<div class=\"elementor-element elementor-element-1e923b3c elementor-widget elementor-widget-heading\" data-id=\"1e923b3c\" data-element_type=\"widget\" data-e-type=\"widget\" data-widget_type=\"heading.default\">\n\t\t\t\t<div class=\"elementor-widget-container\">\n\t\t\t\t\t<h1 class=\"elementor-heading-title elementor-size-default\">\ud83c\udfed Desmantelamiento y Desarme Industrial con Enfoque en el Manejo de Residuos<\/h1>\t\t\t\t<\/div>\n\t\t\t\t<\/div>\n\t\t\t\t<div class=\"elementor-element elementor-element-2db0d7a5 elementor-widget elementor-widget-text-editor\" data-id=\"2db0d7a5\" data-element_type=\"widget\" data-e-type=\"widget\" data-widget_type=\"text-editor.default\">\n\t\t\t\t<div class=\"elementor-widget-container\">\n\t\t\t\t\t\t\t\t\t<p><span style=\"color: #000000;\">En un contexto donde la sostenibilidad y el cumplimiento normativo son pilares de la operaci\u00f3n industrial moderna, el desmantelamiento y desarme de instalaciones representa una oportunidad estrat\u00e9gica para aplicar una gesti\u00f3n responsable de residuos. RESPEL se posiciona como un aliado clave en este proceso, ofreciendo soluciones globales e integrales que combinan eficiencia operativa, trazabilidad, seguridad y cumplimento ambiental.<\/span><\/p><p>\u00a0 \u00a0 \u00a0 \u00a0 \u00a0 <img decoding=\"async\" class=\"wp-image-2056 alignleft\" src=\"https:\/\/www.respel.cl\/ResiduosPeligrosos\/wp-content\/uploads\/2024\/10\/camion-de-reciclaje-1-300x300.gif\" alt=\"\" width=\"69\" height=\"69\" srcset=\"https:\/\/www.respel.cl\/ResiduosPeligrosos\/wp-content\/uploads\/2024\/10\/camion-de-reciclaje-1-300x300.gif 300w, https:\/\/www.respel.cl\/ResiduosPeligrosos\/wp-content\/uploads\/2024\/10\/camion-de-reciclaje-1-150x150.gif 150w\" sizes=\"(max-width: 69px) 100vw, 69px\" \/><img decoding=\"async\" class=\"alignnone wp-image-1866\" src=\"https:\/\/www.respel.cl\/ResiduosPeligrosos\/wp-content\/uploads\/2024\/09\/sign-arrows-respel.gif\" alt=\"\" width=\"58\" height=\"58\" \/><img decoding=\"async\" class=\"alignnone wp-image-1892\" src=\"https:\/\/www.respel.cl\/ResiduosPeligrosos\/wp-content\/uploads\/2024\/09\/f2165715cdac63a9c989e9b1b01faf5c-300x300.jpg\" alt=\"\" width=\"63\" height=\"63\" srcset=\"https:\/\/www.respel.cl\/ResiduosPeligrosos\/wp-content\/uploads\/2024\/09\/f2165715cdac63a9c989e9b1b01faf5c-300x300.jpg 300w, https:\/\/www.respel.cl\/ResiduosPeligrosos\/wp-content\/uploads\/2024\/09\/f2165715cdac63a9c989e9b1b01faf5c-150x150.jpg 150w, https:\/\/www.respel.cl\/ResiduosPeligrosos\/wp-content\/uploads\/2024\/09\/f2165715cdac63a9c989e9b1b01faf5c.jpg 564w\" sizes=\"(max-width: 63px) 100vw, 63px\" \/><img loading=\"lazy\" decoding=\"async\" class=\"alignnone wp-image-1786\" src=\"https:\/\/www.respel.cl\/ResiduosPeligrosos\/wp-content\/uploads\/2024\/08\/respel7-300x300-removebg-preview.png\" alt=\"\" width=\"55\" height=\"55\" srcset=\"https:\/\/www.respel.cl\/ResiduosPeligrosos\/wp-content\/uploads\/2024\/08\/respel7-300x300-removebg-preview.png 300w, https:\/\/www.respel.cl\/ResiduosPeligrosos\/wp-content\/uploads\/2024\/08\/respel7-300x300-removebg-preview-150x150.png 150w\" sizes=\"(max-width: 55px) 100vw, 55px\" \/><img loading=\"lazy\" decoding=\"async\" class=\" wp-image-1629\" src=\"https:\/\/www.respel.cl\/ResiduosPeligrosos\/wp-content\/uploads\/2024\/08\/respel2-300x300-2.png\" alt=\"\" width=\"46\" height=\"46\" srcset=\"https:\/\/www.respel.cl\/ResiduosPeligrosos\/wp-content\/uploads\/2024\/08\/respel2-300x300-2.png 300w, https:\/\/www.respel.cl\/ResiduosPeligrosos\/wp-content\/uploads\/2024\/08\/respel2-300x300-2-150x150.png 150w\" sizes=\"(max-width: 46px) 100vw, 46px\" \/><img loading=\"lazy\" decoding=\"async\" class=\"alignnone wp-image-535\" src=\"https:\/\/www.respel.cl\/ResiduosPeligrosos\/wp-content\/uploads\/2024\/07\/WhatsApp-Image-2024-07-25-at-17.05.20-300x127.jpeg\" alt=\"\" width=\"120\" height=\"51\" srcset=\"https:\/\/www.respel.cl\/ResiduosPeligrosos\/wp-content\/uploads\/2024\/07\/WhatsApp-Image-2024-07-25-at-17.05.20-300x127.jpeg 300w, https:\/\/www.respel.cl\/ResiduosPeligrosos\/wp-content\/uploads\/2024\/07\/WhatsApp-Image-2024-07-25-at-17.05.20.jpeg 539w\" sizes=\"(max-width: 120px) 100vw, 120px\" \/><\/p><p><span style=\"color: #000000;\">El desmantelamiento industrial no es solo el cierre de una operaci\u00f3n: es una etapa cr\u00edtica que define el compromiso ambiental de tu empresa. En RESPEL transformamos este proceso en una oportunidad estrat\u00e9gica, gestionando cada residuo con trazabilidad, seguridad y cumplimiento normativo, para que tu marca avance con responsabilidad y confianza.<\/span><\/p>\t\t\t\t\t\t\t\t<\/div>\n\t\t\t\t<\/div>\n\t\t\t\t<\/div>\n\t\t<div class=\"elementor-element elementor-element-26944249 e-con-full e-flex e-con e-child\" data-id=\"26944249\" data-element_type=\"container\" data-e-type=\"container\">\n\t\t\t\t<div class=\"elementor-element elementor-element-737c359f elementor-widget elementor-widget-image\" data-id=\"737c359f\" data-element_type=\"widget\" data-e-type=\"widget\" data-widget_type=\"image.default\">\n\t\t\t\t<div class=\"elementor-widget-container\">\n\t\t\t\t\t\t\t\t\t\t\t\t<figure class=\"wp-caption\">\n\t\t\t\t\t\t\t\t\t\t<img loading=\"lazy\" decoding=\"async\" width=\"962\" height=\"1280\" src=\"https:\/\/www.respel.cl\/ResiduosPeligrosos\/wp-content\/uploads\/2025\/08\/desmantelamiento-respel.cl_.jpeg\" class=\"attachment-full size-full wp-image-4532\" alt=\"\" srcset=\"https:\/\/www.respel.cl\/ResiduosPeligrosos\/wp-content\/uploads\/2025\/08\/desmantelamiento-respel.cl_.jpeg 962w, https:\/\/www.respel.cl\/ResiduosPeligrosos\/wp-content\/uploads\/2025\/08\/desmantelamiento-respel.cl_-225x300.jpeg 225w, https:\/\/www.respel.cl\/ResiduosPeligrosos\/wp-content\/uploads\/2025\/08\/desmantelamiento-respel.cl_-770x1024.jpeg 770w, https:\/\/www.respel.cl\/ResiduosPeligrosos\/wp-content\/uploads\/2025\/08\/desmantelamiento-respel.cl_-768x1022.jpeg 768w\" sizes=\"(max-width: 962px) 100vw, 962px\" \/>\t\t\t\t\t\t\t\t\t\t\t<figcaption class=\"widget-image-caption wp-caption-text\"><\/figcaption>\n\t\t\t\t\t\t\t\t\t\t<\/figure>\n\t\t\t\t\t\t\t\t\t<\/div>\n\t\t\t\t<\/div>\n\t\t\t\t<\/div>\n\t\t\t\t\t<\/div>\n\t\t\t\t<\/div>\n\t\t<div class=\"elementor-element elementor-element-28062d8 e-flex e-con-boxed e-con e-parent\" data-id=\"28062d8\" data-element_type=\"container\" data-e-type=\"container\">\n\t\t\t\t\t<div class=\"e-con-inner\">\n\t\t\t\t<div class=\"elementor-element elementor-element-5d979ae elementor-widget-divider--view-line elementor-widget elementor-widget-divider\" data-id=\"5d979ae\" data-element_type=\"widget\" data-e-type=\"widget\" data-widget_type=\"divider.default\">\n\t\t\t\t<div class=\"elementor-widget-container\">\n\t\t\t\t\t\t\t<div class=\"elementor-divider\">\n\t\t\t<span class=\"elementor-divider-separator\">\n\t\t\t\t\t\t<\/span>\n\t\t<\/div>\n\t\t\t\t\t\t<\/div>\n\t\t\t\t<\/div>\n\t\t\t\t\t<\/div>\n\t\t\t\t<\/div>\n\t\t<div class=\"elementor-element elementor-element-6eb0a181 e-flex e-con-boxed e-con e-parent\" data-id=\"6eb0a181\" data-element_type=\"container\" data-e-type=\"container\">\n\t\t\t\t\t<div class=\"e-con-inner\">\n\t\t<div class=\"elementor-element elementor-element-2c61e610 e-con-full e-flex e-con e-child\" data-id=\"2c61e610\" data-element_type=\"container\" data-e-type=\"container\">\n\t\t\t\t<div class=\"elementor-element elementor-element-5f20b52 elementor-widget elementor-widget-heading\" data-id=\"5f20b52\" data-element_type=\"widget\" data-e-type=\"widget\" data-widget_type=\"heading.default\">\n\t\t\t\t<div class=\"elementor-widget-container\">\n\t\t\t\t\t<h2 class=\"elementor-heading-title elementor-size-default\">\u267b\ufe0f Manejo de residuos: el coraz\u00f3n del proceso\n<\/h2>\t\t\t\t<\/div>\n\t\t\t\t<\/div>\n\t\t\t\t<div class=\"elementor-element elementor-element-6a19a09d elementor-widget elementor-widget-text-editor\" data-id=\"6a19a09d\" data-element_type=\"widget\" data-e-type=\"widget\" data-widget_type=\"text-editor.default\">\n\t\t\t\t<div class=\"elementor-widget-container\">\n\t\t\t\t\t\t\t\t\t<p>Durante el desarme, se generan residuos que deben ser gestionados bajo estrictos est\u00e1ndares ambientales. RESPEL aplica protocolos basados en normativas chilenas como el DS 148 y DS 594, asegurando que cada residuo sea tratado seg\u00fan su clasificaci\u00f3n, peligrosidad y destino final.<br \/>Adem\u00e1s, se promueve la valorizaci\u00f3n de materiales reutilizables, reduciendo el volumen de desechos y optimizando los costos del cliente.<\/p><p>\u00a0<\/p><p>En cada proyecto de desmantelamiento, RESPEL realiza una caracterizaci\u00f3n detallada de los residuos, identificando componentes peligrosos como aceites, metales pesados o asbestos. A trav\u00e9s de un plan de manejo personalizado, se garantiza la segregaci\u00f3n, almacenamiento y transporte seguro, cumpliendo con exigencias legales y est\u00e1ndares internacionales. Este enfoque no solo protege al entorno, sino que tambi\u00e9n fortalece la imagen corporativa del cliente frente a sus grupos de inter\u00e9s.<\/p>\t\t\t\t\t\t\t\t<\/div>\n\t\t\t\t<\/div>\n\t\t\t\t<\/div>\n\t\t<div class=\"elementor-element elementor-element-42ca8f61 e-con-full e-flex e-con e-child\" data-id=\"42ca8f61\" data-element_type=\"container\" data-e-type=\"container\">\n\t\t\t\t<div class=\"elementor-element elementor-element-5947d10a elementor-widget elementor-widget-image\" data-id=\"5947d10a\" data-element_type=\"widget\" data-e-type=\"widget\" data-widget_type=\"image.default\">\n\t\t\t\t<div class=\"elementor-widget-container\">\n\t\t\t\t\t\t\t\t\t\t\t\t<figure class=\"wp-caption\">\n\t\t\t\t\t\t\t\t\t\t<img loading=\"lazy\" decoding=\"async\" width=\"592\" height=\"415\" src=\"https:\/\/www.respel.cl\/ResiduosPeligrosos\/wp-content\/uploads\/2025\/08\/desmantelamiento-respel.jpg\" class=\"attachment-large size-large wp-image-4543\" alt=\"\" srcset=\"https:\/\/www.respel.cl\/ResiduosPeligrosos\/wp-content\/uploads\/2025\/08\/desmantelamiento-respel.jpg 592w, https:\/\/www.respel.cl\/ResiduosPeligrosos\/wp-content\/uploads\/2025\/08\/desmantelamiento-respel-300x210.jpg 300w\" sizes=\"(max-width: 592px) 100vw, 592px\" \/>\t\t\t\t\t\t\t\t\t\t\t<figcaption class=\"widget-image-caption wp-caption-text\"><\/figcaption>\n\t\t\t\t\t\t\t\t\t\t<\/figure>\n\t\t\t\t\t\t\t\t\t<\/div>\n\t\t\t\t<\/div>\n\t\t\t\t<\/div>\n\t\t\t\t\t<\/div>\n\t\t\t\t<\/div>\n\t\t<div class=\"elementor-element elementor-element-33d00f4 e-flex e-con-boxed e-con e-parent\" data-id=\"33d00f4\" data-element_type=\"container\" data-e-type=\"container\">\n\t\t\t\t\t<div class=\"e-con-inner\">\n\t\t\t\t<div class=\"elementor-element elementor-element-ac605c7 elementor-widget-divider--view-line elementor-widget elementor-widget-divider\" data-id=\"ac605c7\" data-element_type=\"widget\" data-e-type=\"widget\" data-widget_type=\"divider.default\">\n\t\t\t\t<div class=\"elementor-widget-container\">\n\t\t\t\t\t\t\t<div class=\"elementor-divider\">\n\t\t\t<span class=\"elementor-divider-separator\">\n\t\t\t\t\t\t<\/span>\n\t\t<\/div>\n\t\t\t\t\t\t<\/div>\n\t\t\t\t<\/div>\n\t\t\t\t\t<\/div>\n\t\t\t\t<\/div>\n\t\t<div class=\"elementor-element elementor-element-67e19dc6 e-flex e-con-boxed e-con e-parent\" data-id=\"67e19dc6\" data-element_type=\"container\" data-e-type=\"container\">\n\t\t\t\t\t<div class=\"e-con-inner\">\n\t\t\t\t<div class=\"elementor-element elementor-element-53a51c8e elementor-widget elementor-widget-heading\" data-id=\"53a51c8e\" data-element_type=\"widget\" data-e-type=\"widget\" data-widget_type=\"heading.default\">\n\t\t\t\t<div class=\"elementor-widget-container\">\n\t\t\t\t\t<h2 class=\"elementor-heading-title elementor-size-default\">\u2705 Soluciones RESPEL: experiencia, cumplimiento y sostenibilidad<\/h2>\t\t\t\t<\/div>\n\t\t\t\t<\/div>\n\t\t\t\t<div class=\"elementor-element elementor-element-638ba665 elementor-widget elementor-widget-text-editor\" data-id=\"638ba665\" data-element_type=\"widget\" data-e-type=\"widget\" data-widget_type=\"text-editor.default\">\n\t\t\t\t<div class=\"elementor-widget-container\">\n\t\t\t\t\t\t\t\t\t<p><!--StartFragment --><\/p><p><strong>RESPEL ofrece un servicio completo que incluye:<\/strong><\/p><p>\u00a0<\/p><ul><li>Diagn\u00f3stico t\u00e9cnico del sitio y planificaci\u00f3n del desmantelamiento<\/li><li>Ejecuci\u00f3n segura del desarme con personal capacitado<\/li><li>Transporte autorizado de residuos<\/li><li>Disposici\u00f3n final en instalaciones certificadas<\/li><li>Informes de trazabilidad y cumplimiento normativo<\/li><\/ul><p>Este enfoque no solo garantiza la seguridad y legalidad del proceso, sino que tambi\u00e9n refuerza la imagen corporativa del cliente como empresa comprometida con el medio ambiente.<\/p><p><!--EndFragment --><\/p>\t\t\t\t\t\t\t\t<\/div>\n\t\t\t\t<\/div>\n\t\t\t\t\t<\/div>\n\t\t\t\t<\/div>\n\t\t<div class=\"elementor-element elementor-element-c832aa2 e-flex e-con-boxed e-con e-parent\" data-id=\"c832aa2\" data-element_type=\"container\" data-e-type=\"container\">\n\t\t\t\t\t<div class=\"e-con-inner\">\n\t\t\t\t<div class=\"elementor-element elementor-element-b85f170 elementor-widget elementor-widget-video\" data-id=\"b85f170\" data-element_type=\"widget\" data-e-type=\"widget\" data-settings=\"{&quot;video_type&quot;:&quot;hosted&quot;,&quot;autoplay&quot;:&quot;yes&quot;,&quot;controls&quot;:&quot;yes&quot;}\" data-widget_type=\"video.default\">\n\t\t\t\t<div class=\"elementor-widget-container\">\n\t\t\t\t\t\t\t<div class=\"e-hosted-video elementor-wrapper elementor-open-inline\">\n\t\t\t\t\t<video class=\"elementor-video\" src=\"https:\/\/www.respel.cl\/ResiduosPeligrosos\/wp-content\/uploads\/2025\/08\/WhatsApp-Video-2025-07-21-at-07.07.45.mp4\" autoplay=\"\" controls=\"\" controlsList=\"nodownload\"><\/video>\n\t\t\t\t<\/div>\n\t\t\t\t\t\t<\/div>\n\t\t\t\t<\/div>\n\t\t\t\t\t<\/div>\n\t\t\t\t<\/div>\n\t\t\t\t<\/div>\n\t\t","protected":false},"excerpt":{"rendered":"\ud83c\udfed Desmantelamiento y Desarme Industrial con Enfoque en el Manejo de Residuos En un contexto donde la sostenibilidad y el cumplimiento normativo son pilares de la operaci\u00f3n industrial moderna, el desmantelamiento y desarme de instalaciones representa una oportunidad estrat\u00e9gica para aplicar una gesti\u00f3n responsable de residuos. RESPEL se posiciona como un aliado clave en este [&hellip;]","protected":false},"author":2,"featured_media":4532,"parent":0,"menu_order":0,"comment_status":"closed","ping_status":"closed","template":"","meta":{"footnotes":""},"class_list":["post-4522","page","type-page","status-publish","has-post-thumbnail","hentry"],"yoast_head":"<!-- This site is optimized with the Yoast SEO plugin v27.2 - https:\/\/yoast.com\/product\/yoast-seo-wordpress\/ -->\n<title>Desmantelamiento y Desarme Industrial<\/title>\n<meta name=\"description\" content=\"Servicios de desmantelamiento y desarme industrial con enfoque en el manejo responsable de residuos. RESPEL ofrece soluciones integrales, seguras y sostenibles para tu empresa.\" \/>\n<meta name=\"robots\" content=\"index, follow, max-snippet:-1, max-image-preview:large, max-video-preview:-1\" \/>\n<link rel=\"canonical\" href=\"https:\/\/www.respel.cl\/ResiduosPeligrosos\/desmantelamiento-industrial-manejo-residuos\/\" \/>\n<meta property=\"og:locale\" content=\"es_ES\" \/>\n<meta property=\"og:type\" content=\"article\" \/>\n<meta property=\"og:title\" content=\"Desmantelamiento y Desarme Industrial\" \/>\n<meta property=\"og:description\" content=\"Servicios de desmantelamiento y desarme industrial con enfoque en el manejo responsable de residuos. RESPEL ofrece soluciones integrales, seguras y sostenibles para tu empresa.\" \/>\n<meta property=\"og:url\" content=\"https:\/\/www.respel.cl\/ResiduosPeligrosos\/desmantelamiento-industrial-manejo-residuos\/\" \/>\n<meta property=\"og:site_name\" content=\"Plataforma Ambiental Respel\" \/>\n<meta property=\"article:modified_time\" content=\"2025-08-27T11:44:35+00:00\" \/>\n<meta property=\"og:image\" content=\"https:\/\/www.respel.cl\/ResiduosPeligrosos\/wp-content\/uploads\/2025\/08\/desmantelamiento-respel.cl_.jpeg\" \/>\n\t<meta property=\"og:image:width\" content=\"962\" \/>\n\t<meta property=\"og:image:height\" content=\"1280\" \/>\n\t<meta property=\"og:image:type\" content=\"image\/jpeg\" \/>\n<meta name=\"twitter:card\" content=\"summary_large_image\" \/>\n<meta name=\"twitter:label1\" content=\"Tiempo de lectura\" \/>\n\t<meta name=\"twitter:data1\" content=\"4 minutos\" \/>\n<script type=\"application\/ld+json\" class=\"yoast-schema-graph\">{\"@context\":\"https:\/\/schema.org\",\"@graph\":[{\"@type\":\"WebPage\",\"@id\":\"https:\/\/www.respel.cl\/ResiduosPeligrosos\/desmantelamiento-industrial-manejo-residuos\/\",\"url\":\"https:\/\/www.respel.cl\/ResiduosPeligrosos\/desmantelamiento-industrial-manejo-residuos\/\",\"name\":\"Desmantelamiento y Desarme Industrial\",\"isPartOf\":{\"@id\":\"https:\/\/www.respel.cl\/ResiduosPeligrosos\/#website\"},\"primaryImageOfPage\":{\"@id\":\"https:\/\/www.respel.cl\/ResiduosPeligrosos\/desmantelamiento-industrial-manejo-residuos\/#primaryimage\"},\"image\":{\"@id\":\"https:\/\/www.respel.cl\/ResiduosPeligrosos\/desmantelamiento-industrial-manejo-residuos\/#primaryimage\"},\"thumbnailUrl\":\"https:\/\/www.respel.cl\/ResiduosPeligrosos\/wp-content\/uploads\/2025\/08\/desmantelamiento-respel.cl_.jpeg\",\"datePublished\":\"2025-08-08T12:45:34+00:00\",\"dateModified\":\"2025-08-27T11:44:35+00:00\",\"description\":\"Servicios de desmantelamiento y desarme industrial con enfoque en el manejo responsable de residuos. RESPEL ofrece soluciones integrales, seguras y sostenibles para tu empresa.\",\"breadcrumb\":{\"@id\":\"https:\/\/www.respel.cl\/ResiduosPeligrosos\/desmantelamiento-industrial-manejo-residuos\/#breadcrumb\"},\"inLanguage\":\"es\",\"potentialAction\":[{\"@type\":\"ReadAction\",\"target\":[\"https:\/\/www.respel.cl\/ResiduosPeligrosos\/desmantelamiento-industrial-manejo-residuos\/\"]}]},{\"@type\":\"ImageObject\",\"inLanguage\":\"es\",\"@id\":\"https:\/\/www.respel.cl\/ResiduosPeligrosos\/desmantelamiento-industrial-manejo-residuos\/#primaryimage\",\"url\":\"https:\/\/www.respel.cl\/ResiduosPeligrosos\/wp-content\/uploads\/2025\/08\/desmantelamiento-respel.cl_.jpeg\",\"contentUrl\":\"https:\/\/www.respel.cl\/ResiduosPeligrosos\/wp-content\/uploads\/2025\/08\/desmantelamiento-respel.cl_.jpeg\",\"width\":962,\"height\":1280},{\"@type\":\"BreadcrumbList\",\"@id\":\"https:\/\/www.respel.cl\/ResiduosPeligrosos\/desmantelamiento-industrial-manejo-residuos\/#breadcrumb\",\"itemListElement\":[{\"@type\":\"ListItem\",\"position\":1,\"name\":\"Portada\",\"item\":\"https:\/\/www.respel.cl\/ResiduosPeligrosos\/\"},{\"@type\":\"ListItem\",\"position\":2,\"name\":\"Desmantelamiento y Desarme Industrial\"}]},{\"@type\":\"WebSite\",\"@id\":\"https:\/\/www.respel.cl\/ResiduosPeligrosos\/#website\",\"url\":\"https:\/\/www.respel.cl\/ResiduosPeligrosos\/\",\"name\":\"Gesti\u00f3n Global de Residuos Respel\",\"description\":\"RESPEL.cl es una plataforma ambiental especializada en la gesti\u00f3n inteligente de residuos industriales peligrosos y no peligrosos, que impulsa la econom\u00eda circular mediante soluciones innovadoras, trazables y alineadas con la normativa vigente\",\"publisher\":{\"@id\":\"https:\/\/www.respel.cl\/ResiduosPeligrosos\/#organization\"},\"alternateName\":\"Respel en Chile\",\"potentialAction\":[{\"@type\":\"SearchAction\",\"target\":{\"@type\":\"EntryPoint\",\"urlTemplate\":\"https:\/\/www.respel.cl\/ResiduosPeligrosos\/?s={search_term_string}\"},\"query-input\":{\"@type\":\"PropertyValueSpecification\",\"valueRequired\":true,\"valueName\":\"search_term_string\"}}],\"inLanguage\":\"es\"},{\"@type\":\"Organization\",\"@id\":\"https:\/\/www.respel.cl\/ResiduosPeligrosos\/#organization\",\"name\":\"Plataforma de Gesti\u00f3n Ambiental RESPEL\",\"alternateName\":\"Plataforma de Gesti\u00f3n Ambiental Respel Spa\",\"url\":\"https:\/\/www.respel.cl\/ResiduosPeligrosos\/\",\"logo\":{\"@type\":\"ImageObject\",\"inLanguage\":\"es\",\"@id\":\"https:\/\/www.respel.cl\/ResiduosPeligrosos\/#\/schema\/logo\/image\/\",\"url\":\"https:\/\/www.respel.cl\/ResiduosPeligrosos\/wp-content\/uploads\/2025\/03\/logo.svg\",\"contentUrl\":\"https:\/\/www.respel.cl\/ResiduosPeligrosos\/wp-content\/uploads\/2025\/03\/logo.svg\",\"width\":678,\"height\":166,\"caption\":\"Plataforma de Gesti\u00f3n Ambiental RESPEL\"},\"image\":{\"@id\":\"https:\/\/www.respel.cl\/ResiduosPeligrosos\/#\/schema\/logo\/image\/\"}}]}<\/script>\n<!-- \/ Yoast SEO plugin. -->","yoast_head_json":{"title":"Desmantelamiento y Desarme Industrial","description":"Servicios de desmantelamiento y desarme industrial con enfoque en el manejo responsable de residuos. RESPEL ofrece soluciones integrales, seguras y sostenibles para tu empresa.","robots":{"index":"index","follow":"follow","max-snippet":"max-snippet:-1","max-image-preview":"max-image-preview:large","max-video-preview":"max-video-preview:-1"},"canonical":"https:\/\/www.respel.cl\/ResiduosPeligrosos\/desmantelamiento-industrial-manejo-residuos\/","og_locale":"es_ES","og_type":"article","og_title":"Desmantelamiento y Desarme Industrial","og_description":"Servicios de desmantelamiento y desarme industrial con enfoque en el manejo responsable de residuos. RESPEL ofrece soluciones integrales, seguras y sostenibles para tu empresa.","og_url":"https:\/\/www.respel.cl\/ResiduosPeligrosos\/desmantelamiento-industrial-manejo-residuos\/","og_site_name":"Plataforma Ambiental Respel","article_modified_time":"2025-08-27T11:44:35+00:00","og_image":[{"width":962,"height":1280,"url":"https:\/\/www.respel.cl\/ResiduosPeligrosos\/wp-content\/uploads\/2025\/08\/desmantelamiento-respel.cl_.jpeg","type":"image\/jpeg"}],"twitter_card":"summary_large_image","twitter_misc":{"Tiempo de lectura":"4 minutos"},"schema":{"@context":"https:\/\/schema.org","@graph":[{"@type":"WebPage","@id":"https:\/\/www.respel.cl\/ResiduosPeligrosos\/desmantelamiento-industrial-manejo-residuos\/","url":"https:\/\/www.respel.cl\/ResiduosPeligrosos\/desmantelamiento-industrial-manejo-residuos\/","name":"Desmantelamiento y Desarme Industrial","isPartOf":{"@id":"https:\/\/www.respel.cl\/ResiduosPeligrosos\/#website"},"primaryImageOfPage":{"@id":"https:\/\/www.respel.cl\/ResiduosPeligrosos\/desmantelamiento-industrial-manejo-residuos\/#primaryimage"},"image":{"@id":"https:\/\/www.respel.cl\/ResiduosPeligrosos\/desmantelamiento-industrial-manejo-residuos\/#primaryimage"},"thumbnailUrl":"https:\/\/www.respel.cl\/ResiduosPeligrosos\/wp-content\/uploads\/2025\/08\/desmantelamiento-respel.cl_.jpeg","datePublished":"2025-08-08T12:45:34+00:00","dateModified":"2025-08-27T11:44:35+00:00","description":"Servicios de desmantelamiento y desarme industrial con enfoque en el manejo responsable de residuos. RESPEL ofrece soluciones integrales, seguras y sostenibles para tu empresa.","breadcrumb":{"@id":"https:\/\/www.respel.cl\/ResiduosPeligrosos\/desmantelamiento-industrial-manejo-residuos\/#breadcrumb"},"inLanguage":"es","potentialAction":[{"@type":"ReadAction","target":["https:\/\/www.respel.cl\/ResiduosPeligrosos\/desmantelamiento-industrial-manejo-residuos\/"]}]},{"@type":"ImageObject","inLanguage":"es","@id":"https:\/\/www.respel.cl\/ResiduosPeligrosos\/desmantelamiento-industrial-manejo-residuos\/#primaryimage","url":"https:\/\/www.respel.cl\/ResiduosPeligrosos\/wp-content\/uploads\/2025\/08\/desmantelamiento-respel.cl_.jpeg","contentUrl":"https:\/\/www.respel.cl\/ResiduosPeligrosos\/wp-content\/uploads\/2025\/08\/desmantelamiento-respel.cl_.jpeg","width":962,"height":1280},{"@type":"BreadcrumbList","@id":"https:\/\/www.respel.cl\/ResiduosPeligrosos\/desmantelamiento-industrial-manejo-residuos\/#breadcrumb","itemListElement":[{"@type":"ListItem","position":1,"name":"Portada","item":"https:\/\/www.respel.cl\/ResiduosPeligrosos\/"},{"@type":"ListItem","position":2,"name":"Desmantelamiento y Desarme Industrial"}]},{"@type":"WebSite","@id":"https:\/\/www.respel.cl\/ResiduosPeligrosos\/#website","url":"https:\/\/www.respel.cl\/ResiduosPeligrosos\/","name":"Gesti\u00f3n Global de Residuos Respel","description":"RESPEL.cl es una plataforma ambiental especializada en la gesti\u00f3n inteligente de residuos industriales peligrosos y no peligrosos, que impulsa la econom\u00eda circular mediante soluciones innovadoras, trazables y alineadas con la normativa vigente","publisher":{"@id":"https:\/\/www.respel.cl\/ResiduosPeligrosos\/#organization"},"alternateName":"Respel en Chile","potentialAction":[{"@type":"SearchAction","target":{"@type":"EntryPoint","urlTemplate":"https:\/\/www.respel.cl\/ResiduosPeligrosos\/?s={search_term_string}"},"query-input":{"@type":"PropertyValueSpecification","valueRequired":true,"valueName":"search_term_string"}}],"inLanguage":"es"},{"@type":"Organization","@id":"https:\/\/www.respel.cl\/ResiduosPeligrosos\/#organization","name":"Plataforma de Gesti\u00f3n Ambiental RESPEL","alternateName":"Plataforma de Gesti\u00f3n Ambiental Respel Spa","url":"https:\/\/www.respel.cl\/ResiduosPeligrosos\/","logo":{"@type":"ImageObject","inLanguage":"es","@id":"https:\/\/www.respel.cl\/ResiduosPeligrosos\/#\/schema\/logo\/image\/","url":"https:\/\/www.respel.cl\/ResiduosPeligrosos\/wp-content\/uploads\/2025\/03\/logo.svg","contentUrl":"https:\/\/www.respel.cl\/ResiduosPeligrosos\/wp-content\/uploads\/2025\/03\/logo.svg","width":678,"height":166,"caption":"Plataforma de Gesti\u00f3n Ambiental RESPEL"},"image":{"@id":"https:\/\/www.respel.cl\/ResiduosPeligrosos\/#\/schema\/logo\/image\/"}}]}},"_links":{"self":[{"href":"https:\/\/www.respel.cl\/ResiduosPeligrosos\/wp-json\/wp\/v2\/pages\/4522","targetHints":{"allow":["GET"]}}],"collection":[{"href":"https:\/\/www.respel.cl\/ResiduosPeligrosos\/wp-json\/wp\/v2\/pages"}],"about":[{"href":"https:\/\/www.respel.cl\/ResiduosPeligrosos\/wp-json\/wp\/v2\/types\/page"}],"author":[{"embeddable":true,"href":"https:\/\/www.respel.cl\/ResiduosPeligrosos\/wp-json\/wp\/v2\/users\/2"}],"replies":[{"embeddable":true,"href":"https:\/\/www.respel.cl\/ResiduosPeligrosos\/wp-json\/wp\/v2\/comments?post=4522"}],"version-history":[{"count":28,"href":"https:\/\/www.respel.cl\/ResiduosPeligrosos\/wp-json\/wp\/v2\/pages\/4522\/revisions"}],"predecessor-version":[{"id":4559,"href":"https:\/\/www.respel.cl\/ResiduosPeligrosos\/wp-json\/wp\/v2\/pages\/4522\/revisions\/4559"}],"wp:featuredmedia":[{"embeddable":true,"href":"https:\/\/www.respel.cl\/ResiduosPeligrosos\/wp-json\/wp\/v2\/media\/4532"}],"wp:attachment":[{"href":"https:\/\/www.respel.cl\/ResiduosPeligrosos\/wp-json\/wp\/v2\/media?parent=4522"}],"curies":[{"name":"wp","href":"https:\/\/api.w.org\/{rel}","templated":true}]}}